{"id":12,"date":"2022-08-31T22:02:12","date_gmt":"2022-08-31T22:02:12","guid":{"rendered":"https:\/\/dubmanager.io\/websites\/harlangtoksvigfondet\/?page_id=12"},"modified":"2026-02-06T15:14:59","modified_gmt":"2026-02-06T14:14:59","slug":"harlang-og-toksvig-fondet-til-minde-om-reklamebureau","status":"publish","type":"page","link":"https:\/\/harlangtoksvigfondet.dk\/","title":{"rendered":"Harlang og Toksvig Fondet"},"content":{"rendered":"<p>[vc_row][vc_column width=&#8221;1\/2&#8243;][vc_column_text lead=&#8221;yes&#8221; text_color=&#8221;#dd3333&#8243; animation=&#8221;animate-when-visible&#8221; css_animation=&#8221;el-fade&#8221;]<\/p>\n<blockquote><p>&nbsp;<\/p>\n<h3>Til minde om Reklamebureauet Harlang &amp; Toksvig<\/h3>\n<p>&nbsp;<\/p><\/blockquote>\n<p>[\/vc_column_text][vc_column_text]Harlang &amp; Toksvig var et af Skandinaviens st\u00f8rste reklamebureauer for sin tid og havde underafdelinger i \u00c5rhus, Stockholm og Oslo. Blandt bureauets st\u00f8rste kunder var Tuborg, Ford og DSB. Et af de mest anerkendte og l\u00e6ngstlevende reklameslogans er Ud At Se Med DSB fra 1934.[\/vc_column_text][vc_column_text]Dele af de \u00f8konomiske midler bureauet fremskaffede gennem deres success i reklameindustrien blev dengang brugt p\u00e5 filantropisk arbejde.<\/p>\n<p>Harlang &amp; Toksvig var involveret i flere velg\u00f8rende form\u00e5l for organisationer og fonde som Vanf\u00f8refonden, <a title=\"R\u00f8de Kors\" href=\"https:\/\/da.wikipedia.org\/wiki\/R%C3%B8de_Kors\">R\u00f8de kors<\/a>,\u00a0<a title=\"Kofoeds Skole\" href=\"https:\/\/da.wikipedia.org\/wiki\/Kofoeds_Skole\">Kofoed Skole,<\/a> B\u00f8rneforsorg samt Gigtens Bek\u00e6mpelse.<\/p>\n<p>I 1974 blev Harlang &amp; Toksvig Fondet stiftet for at viderebringe dette filantropiske arbejde til n\u00e6ste generationer.<\/p>\n<p>Hensigten med fondet er s\u00e5 vidt muligt at sikre bevarelsen og videref\u00f8relsen af Harlang &amp; Toksvig Bladforlag A\/S, som en selvst\u00e6ndig og uafh\u00e6ngig virksomhed for derved at kunne yde \u00f8konomisk st\u00f8tte i overensstemmelse med denne fundats.<\/p>\n<p><a href=\"https:\/\/www.legatbogen.dk\/harlang--toksvig-fondet\">Harlang og Toksvig Fondet<\/a> uddeler \u00e5rlig legater ud i reklamebureauet \u00e5nd til projekter, der fremmer et godt budskab. L\u00e6s mere om fondets <a href=\"https:\/\/harlangtoksvigfondet.dk\/index.php\/visioner\/\">visioner<\/a> inden du ans\u00f8ger.[\/vc_column_text][vc_btn title=&#8221;L\u00e6s mere&#8221; color=&#8221;default&#8221; size=&#8221;lg&#8221; align=&#8221;center&#8221; i_icon_fontawesome=&#8221;far fa-address-card&#8221; css_animation=&#8221;fadeIn&#8221; add_icon=&#8221;true&#8221; link=&#8221;url:%2Findex.php%2Fom-fondet%2F|title:Om%20Fondet&#8221; css=&#8221;.vc_custom_1718384586950{margin-top: 10px !important;margin-bottom: 30px !important;}&#8221;][vc_separator][\/vc_column][vc_column width=&#8221;1\/2&#8243;][vc_images_carousel images=&#8221;265,257,262,258,261,259,266,264,273,272,271,270&#8243; img_size=&#8221;full&#8221; autoplay=&#8221;yes&#8221; scroll_fx=&#8221;crossfade&#8221;][\/vc_column][\/vc_row][vc_row][vc_column][vc_column_text]<\/p>\n<h2>Projekter vi st\u00f8tter<\/h2>\n<p>[\/vc_column_text][vc_basic_grid post_type=&#8221;post&#8221; max_items=&#8221;10&#8243; item=&#8221;basicGrid_NoAnimation&#8221; grid_id=&#8221;vc_gid:1770387249168-7ef77bf0-b347-2&#8243;][\/vc_column][\/vc_row]<\/p>\n","protected":false},"excerpt":{"rendered":"<p>[vc_row][vc_column width=&#8221;1\/2&#8243;][vc_column_text lead=&#8221;yes&#8221; text_color=&#8221;#dd3333&#8243; animation=&#8221;animate-when-visible&#8221; css_animation=&#8221;el-fade&#8221;] &nbsp; Til minde om Reklamebureauet Harlang &amp; Toksvig &nbsp; [\/vc_column_text][vc_column_text]Harlang &amp; Toksvig var et af Skandinaviens st\u00f8rste reklamebureauer for sin tid og havde underafdelinger i \u00c5rhus, Stockholm og Oslo. Blandt bureauets st\u00f8rste kunder var Tuborg, Ford og DSB. Et af de mest anerkendte og l\u00e6ngstlevende reklameslogans er Ud At Se Med DSB fra 1934.[\/vc_column_text][vc_column_text]Dele [&hellip;]<\/p>\n","protected":false},"author":1,"featured_media":0,"parent":0,"menu_order":0,"comment_status":"closed","ping_status":"closed","template":"page-templates\/full-width.php","meta":{"footnotes":""},"class_list":["post-12","page","type-page","status-publish","hentry"],"yoast_head":"<!-- This site is optimized with the Yoast SEO plugin v22.1 - https:\/\/yoast.com\/wordpress\/plugins\/seo\/ -->\n<title>Harlang &amp; Toksvig Fondet - Til minde om Reklamebureauet<\/title>\n<meta name=\"description\" content=\"Harlang &amp; Toksvig Fondet er en dansk fond, der sikrer bevarelsen og videref\u00f8relsen af Harlang &amp; Toksvig Bladforlag A\/S, som en selvst\u00e6ndig og uafh\u00e6ngig virksomhed for derved at kunne yde \u00f8konomisk st\u00f8tte i overensstemmelse med denne fundats.\" \/>\n<meta name=\"robots\" content=\"index, follow, max-snippet:-1, max-image-preview:large, max-video-preview:-1\" \/>\n<link rel=\"canonical\" href=\"https:\/\/harlangtoksvigfondet.dk\/\" \/>\n<meta property=\"og:locale\" content=\"da_DK\" \/>\n<meta property=\"og:type\" content=\"article\" \/>\n<meta property=\"og:title\" content=\"Harlang &amp; Toksvig Fondet - Til minde om Reklamebureauet\" \/>\n<meta property=\"og:description\" content=\"Harlang &amp; Toksvig Fondet er en dansk fond, der sikrer bevarelsen og videref\u00f8relsen af Harlang &amp; Toksvig Bladforlag A\/S, som en selvst\u00e6ndig og uafh\u00e6ngig virksomhed for derved at kunne yde \u00f8konomisk st\u00f8tte i overensstemmelse med denne fundats.\" \/>\n<meta property=\"og:url\" content=\"https:\/\/harlangtoksvigfondet.dk\/\" \/>\n<meta property=\"og:site_name\" content=\"Harlang &amp; Toksvig Fondet\" \/>\n<meta property=\"article:modified_time\" content=\"2026-02-06T14:14:59+00:00\" \/>\n<meta name=\"twitter:card\" content=\"summary_large_image\" \/>\n<meta name=\"twitter:label1\" content=\"Estimeret l\u00e6setid\" \/>\n\t<meta name=\"twitter:data1\" content=\"2 minutter\" \/>\n<script type=\"application\/ld+json\" class=\"yoast-schema-graph\">{\"@context\":\"https:\/\/schema.org\",\"@graph\":[{\"@type\":\"WebPage\",\"@id\":\"https:\/\/harlangtoksvigfondet.dk\/\",\"url\":\"https:\/\/harlangtoksvigfondet.dk\/\",\"name\":\"Harlang &amp; Toksvig Fondet - Til minde om Reklamebureauet\",\"isPartOf\":{\"@id\":\"https:\/\/harlangtoksvigfondet.dk\/#website\"},\"datePublished\":\"2022-08-31T22:02:12+00:00\",\"dateModified\":\"2026-02-06T14:14:59+00:00\",\"description\":\"Harlang & Toksvig Fondet er en dansk fond, der sikrer bevarelsen og videref\u00f8relsen af Harlang & Toksvig Bladforlag A\/S, som en selvst\u00e6ndig og uafh\u00e6ngig virksomhed for derved at kunne yde \u00f8konomisk st\u00f8tte i overensstemmelse med denne fundats.\",\"breadcrumb\":{\"@id\":\"https:\/\/harlangtoksvigfondet.dk\/#breadcrumb\"},\"inLanguage\":\"da-DK\",\"potentialAction\":[{\"@type\":\"ReadAction\",\"target\":[\"https:\/\/harlangtoksvigfondet.dk\/\"]}]},{\"@type\":\"BreadcrumbList\",\"@id\":\"https:\/\/harlangtoksvigfondet.dk\/#breadcrumb\",\"itemListElement\":[{\"@type\":\"ListItem\",\"position\":1,\"name\":\"Home\",\"item\":\"https:\/\/harlangtoksvigfondet.dk\/\"},{\"@type\":\"ListItem\",\"position\":2,\"name\":\"Harlang og Toksvig Fondet\"}]},{\"@type\":\"WebSite\",\"@id\":\"https:\/\/harlangtoksvigfondet.dk\/#website\",\"url\":\"https:\/\/harlangtoksvigfondet.dk\/\",\"name\":\"Harlang & Toksvig Fondet\",\"description\":\"Harlang &amp; Toksvig Fondet\",\"publisher\":{\"@id\":\"https:\/\/harlangtoksvigfondet.dk\/#organization\"},\"potentialAction\":[{\"@type\":\"SearchAction\",\"target\":{\"@type\":\"EntryPoint\",\"urlTemplate\":\"https:\/\/harlangtoksvigfondet.dk\/?s={search_term_string}\"},\"query-input\":\"required name=search_term_string\"}],\"inLanguage\":\"da-DK\"},{\"@type\":\"Organization\",\"@id\":\"https:\/\/harlangtoksvigfondet.dk\/#organization\",\"name\":\"Harlang & Toksvig Fondet\",\"url\":\"https:\/\/harlangtoksvigfondet.dk\/\",\"logo\":{\"@type\":\"ImageObject\",\"inLanguage\":\"da-DK\",\"@id\":\"https:\/\/harlangtoksvigfondet.dk\/#\/schema\/logo\/image\/\",\"url\":\"https:\/\/harlangtoksvigfondet.dk\/wp-content\/uploads\/2022\/08\/cropped-harlangtoksvig.png\",\"contentUrl\":\"https:\/\/harlangtoksvigfondet.dk\/wp-content\/uploads\/2022\/08\/cropped-harlangtoksvig.png\",\"width\":512,\"height\":512,\"caption\":\"Harlang & Toksvig Fondet\"},\"image\":{\"@id\":\"https:\/\/harlangtoksvigfondet.dk\/#\/schema\/logo\/image\/\"}}]}<\/script>\n<!-- \/ Yoast SEO plugin. -->","yoast_head_json":{"title":"Harlang &amp; Toksvig Fondet - Til minde om Reklamebureauet","description":"Harlang & Toksvig Fondet er en dansk fond, der sikrer bevarelsen og videref\u00f8relsen af Harlang & Toksvig Bladforlag A\/S, som en selvst\u00e6ndig og uafh\u00e6ngig virksomhed for derved at kunne yde \u00f8konomisk st\u00f8tte i overensstemmelse med denne fundats.","robots":{"index":"index","follow":"follow","max-snippet":"max-snippet:-1","max-image-preview":"max-image-preview:large","max-video-preview":"max-video-preview:-1"},"canonical":"https:\/\/harlangtoksvigfondet.dk\/","og_locale":"da_DK","og_type":"article","og_title":"Harlang &amp; Toksvig Fondet - Til minde om Reklamebureauet","og_description":"Harlang & Toksvig Fondet er en dansk fond, der sikrer bevarelsen og videref\u00f8relsen af Harlang & Toksvig Bladforlag A\/S, som en selvst\u00e6ndig og uafh\u00e6ngig virksomhed for derved at kunne yde \u00f8konomisk st\u00f8tte i overensstemmelse med denne fundats.","og_url":"https:\/\/harlangtoksvigfondet.dk\/","og_site_name":"Harlang &amp; Toksvig Fondet","article_modified_time":"2026-02-06T14:14:59+00:00","twitter_card":"summary_large_image","twitter_misc":{"Estimeret l\u00e6setid":"2 minutter"},"schema":{"@context":"https:\/\/schema.org","@graph":[{"@type":"WebPage","@id":"https:\/\/harlangtoksvigfondet.dk\/","url":"https:\/\/harlangtoksvigfondet.dk\/","name":"Harlang &amp; Toksvig Fondet - Til minde om Reklamebureauet","isPartOf":{"@id":"https:\/\/harlangtoksvigfondet.dk\/#website"},"datePublished":"2022-08-31T22:02:12+00:00","dateModified":"2026-02-06T14:14:59+00:00","description":"Harlang & Toksvig Fondet er en dansk fond, der sikrer bevarelsen og videref\u00f8relsen af Harlang & Toksvig Bladforlag A\/S, som en selvst\u00e6ndig og uafh\u00e6ngig virksomhed for derved at kunne yde \u00f8konomisk st\u00f8tte i overensstemmelse med denne fundats.","breadcrumb":{"@id":"https:\/\/harlangtoksvigfondet.dk\/#breadcrumb"},"inLanguage":"da-DK","potentialAction":[{"@type":"ReadAction","target":["https:\/\/harlangtoksvigfondet.dk\/"]}]},{"@type":"BreadcrumbList","@id":"https:\/\/harlangtoksvigfondet.dk\/#breadcrumb","itemListElement":[{"@type":"ListItem","position":1,"name":"Home","item":"https:\/\/harlangtoksvigfondet.dk\/"},{"@type":"ListItem","position":2,"name":"Harlang og Toksvig Fondet"}]},{"@type":"WebSite","@id":"https:\/\/harlangtoksvigfondet.dk\/#website","url":"https:\/\/harlangtoksvigfondet.dk\/","name":"Harlang & Toksvig Fondet","description":"Harlang &amp; Toksvig Fondet","publisher":{"@id":"https:\/\/harlangtoksvigfondet.dk\/#organization"},"potentialAction":[{"@type":"SearchAction","target":{"@type":"EntryPoint","urlTemplate":"https:\/\/harlangtoksvigfondet.dk\/?s={search_term_string}"},"query-input":"required name=search_term_string"}],"inLanguage":"da-DK"},{"@type":"Organization","@id":"https:\/\/harlangtoksvigfondet.dk\/#organization","name":"Harlang & Toksvig Fondet","url":"https:\/\/harlangtoksvigfondet.dk\/","logo":{"@type":"ImageObject","inLanguage":"da-DK","@id":"https:\/\/harlangtoksvigfondet.dk\/#\/schema\/logo\/image\/","url":"https:\/\/harlangtoksvigfondet.dk\/wp-content\/uploads\/2022\/08\/cropped-harlangtoksvig.png","contentUrl":"https:\/\/harlangtoksvigfondet.dk\/wp-content\/uploads\/2022\/08\/cropped-harlangtoksvig.png","width":512,"height":512,"caption":"Harlang & Toksvig Fondet"},"image":{"@id":"https:\/\/harlangtoksvigfondet.dk\/#\/schema\/logo\/image\/"}}]}},"_links":{"self":[{"href":"https:\/\/harlangtoksvigfondet.dk\/index.php\/wp-json\/wp\/v2\/pages\/12","targetHints":{"allow":["GET"]}}],"collection":[{"href":"https:\/\/harlangtoksvigfondet.dk\/index.php\/wp-json\/wp\/v2\/pages"}],"about":[{"href":"https:\/\/harlangtoksvigfondet.dk\/index.php\/wp-json\/wp\/v2\/types\/page"}],"author":[{"embeddable":true,"href":"https:\/\/harlangtoksvigfondet.dk\/index.php\/wp-json\/wp\/v2\/users\/1"}],"replies":[{"embeddable":true,"href":"https:\/\/harlangtoksvigfondet.dk\/index.php\/wp-json\/wp\/v2\/comments?post=12"}],"version-history":[{"count":91,"href":"https:\/\/harlangtoksvigfondet.dk\/index.php\/wp-json\/wp\/v2\/pages\/12\/revisions"}],"predecessor-version":[{"id":706,"href":"https:\/\/harlangtoksvigfondet.dk\/index.php\/wp-json\/wp\/v2\/pages\/12\/revisions\/706"}],"wp:attachment":[{"href":"https:\/\/harlangtoksvigfondet.dk\/index.php\/wp-json\/wp\/v2\/media?parent=12"}],"curies":[{"name":"wp","href":"https:\/\/api.w.org\/{rel}","templated":true}]}}