{"id":169,"date":"2022-09-03T22:51:41","date_gmt":"2022-09-03T22:51:41","guid":{"rendered":"https:\/\/dubmanager.io\/websites\/harlangtoksvigfondet\/?page_id=169"},"modified":"2024-02-21T01:38:13","modified_gmt":"2024-02-21T00:38:13","slug":"privatliv-og-data","status":"publish","type":"page","link":"https:\/\/harlangtoksvigfondet.dk\/index.php\/privatliv-og-data\/","title":{"rendered":"Privatlivs- og databeskyttelsespolitik"},"content":{"rendered":"<p>[vc_row][vc_column][vc_message message_box_color=&#8221;warning&#8221; icon_fontello=&#8221;&#8221;]Harlang &amp; Toksvig Fondet respekterer dit privatliv og er forpligtet til at beskytte dine personoplysninger i overensstemmelse med g\u00e6ldende lovgivning, herunder GDPR (Generel Forordning om Databeskyttelse).[\/vc_message][vc_column_text]<\/p>\n<ol>\n<li>Indsamling af personoplysninger: Vi indsamler personoplysninger fra ans\u00f8gere, der bruger vores digitale ans\u00f8gningsskema til at ans\u00f8ge om legater. Disse oplysninger kan omfatte navn, kontaktinformation, CV og andre relevante oplysninger i forbindelse med ans\u00f8gningen.<\/li>\n<li>Form\u00e5l med behandling af personoplysninger: Vi behandler personoplysninger med det form\u00e5l at vurdere og behandle legatans\u00f8gninger samt at kontakte ans\u00f8gere ang\u00e5ende deres ans\u00f8gninger.<\/li>\n<li>Videregivelse af personoplysninger: Vi deler ikke personoplysninger med tredjeparter uden forudg\u00e5ende samtykke fra ans\u00f8geren, medmindre det kr\u00e6ves i henhold til lov eller som led i behandlingen af legatans\u00f8gninger.<\/li>\n<li>Opbevaring af personoplysninger: Vi opbevarer personoplysninger i overensstemmelse med g\u00e6ldende lovgivning og kun s\u00e5 l\u00e6nge det er n\u00f8dvendigt for de form\u00e5l, hvortil de blev indsamlet.<\/li>\n<li>Sikkerhed for personoplysninger: Vi har implementeret passende tekniske og organisatoriske sikkerhedsforanstaltninger for at beskytte personoplysninger mod uautoriseret adgang, \u00e6ndring, offentligg\u00f8relse eller destruktion.<\/li>\n<li>Dine rettigheder: Som ans\u00f8ger har du visse rettigheder i henhold til GDPR, herunder retten til at f\u00e5 adgang til, rette eller slette dine personoplysninger. <a href=\"https:\/\/harlangtoksvigfondet.dk\/index.php\/kontakt\/\">Kontakt os<\/a> venligst, hvis du \u00f8nsker at ud\u00f8ve dine rettigheder eller hvis du har sp\u00f8rgsm\u00e5l vedr\u00f8rende behandlingen af dine personoplysninger.<\/li>\n<\/ol>\n<p>Ved at anvende vores digitale ans\u00f8gningsskema accepterer du denne privatlivs- og databeskyttelsespolitik. Vi forbeholder os ret til at opdatere eller \u00e6ndre denne politik fra tid til anden, og eventuelle \u00e6ndringer vil blive offentliggjort p\u00e5 vores hjemmeside.[\/vc_column_text][\/vc_column][\/vc_row]<\/p>\n","protected":false},"excerpt":{"rendered":"<p>[vc_row][vc_column][vc_message message_box_color=&#8221;warning&#8221; icon_fontello=&#8221;&#8221;]Harlang &amp; Toksvig Fondet respekterer dit privatliv og er forpligtet til at beskytte dine personoplysninger i overensstemmelse med g\u00e6ldende lovgivning, herunder GDPR (Generel Forordning om Databeskyttelse).[\/vc_message][vc_column_text] Indsamling af personoplysninger: Vi indsamler personoplysninger fra ans\u00f8gere, der bruger vores digitale ans\u00f8gningsskema til at ans\u00f8ge om legater. Disse oplysninger kan omfatte navn, kontaktinformation, CV og andre relevante oplysninger i forbindelse med [&hellip;]<\/p>\n","protected":false},"author":1,"featured_media":0,"parent":0,"menu_order":0,"comment_status":"closed","ping_status":"closed","template":"","meta":{"footnotes":""},"class_list":["post-169","page","type-page","status-publish","hentry"],"yoast_head":"<!-- This site is optimized with the Yoast SEO plugin v22.1 - https:\/\/yoast.com\/wordpress\/plugins\/seo\/ -->\n<title>Privatlivs- og databeskyttelsespolitik - Harlang &amp; Toksvig Fondet<\/title>\n<meta name=\"robots\" content=\"index, follow, max-snippet:-1, max-image-preview:large, max-video-preview:-1\" \/>\n<link rel=\"canonical\" href=\"https:\/\/harlangtoksvigfondet.dk\/index.php\/privatliv-og-data\/\" \/>\n<meta property=\"og:locale\" content=\"da_DK\" \/>\n<meta property=\"og:type\" content=\"article\" \/>\n<meta property=\"og:title\" content=\"Privatlivs- og databeskyttelsespolitik - Harlang &amp; Toksvig Fondet\" \/>\n<meta property=\"og:description\" content=\"[vc_row][vc_column][vc_message message_box_color=&#8221;warning&#8221; icon_fontello=&#8221;&#8221;]Harlang &amp; Toksvig Fondet respekterer dit privatliv og er forpligtet til at beskytte dine personoplysninger i overensstemmelse med g\u00e6ldende lovgivning, herunder GDPR (Generel Forordning om Databeskyttelse).[\/vc_message][vc_column_text] Indsamling af personoplysninger: Vi indsamler personoplysninger fra ans\u00f8gere, der bruger vores digitale ans\u00f8gningsskema til at ans\u00f8ge om legater. Disse oplysninger kan omfatte navn, kontaktinformation, CV og andre relevante oplysninger i forbindelse med [&hellip;]\" \/>\n<meta property=\"og:url\" content=\"https:\/\/harlangtoksvigfondet.dk\/index.php\/privatliv-og-data\/\" \/>\n<meta property=\"og:site_name\" content=\"Harlang &amp; Toksvig Fondet\" \/>\n<meta property=\"article:modified_time\" content=\"2024-02-21T00:38:13+00:00\" \/>\n<meta name=\"twitter:card\" content=\"summary_large_image\" \/>\n<meta name=\"twitter:label1\" content=\"Estimeret l\u00e6setid\" \/>\n\t<meta name=\"twitter:data1\" content=\"2 minutter\" \/>\n<script type=\"application\/ld+json\" class=\"yoast-schema-graph\">{\"@context\":\"https:\/\/schema.org\",\"@graph\":[{\"@type\":\"WebPage\",\"@id\":\"https:\/\/harlangtoksvigfondet.dk\/index.php\/privatliv-og-data\/\",\"url\":\"https:\/\/harlangtoksvigfondet.dk\/index.php\/privatliv-og-data\/\",\"name\":\"Privatlivs- og databeskyttelsespolitik - Harlang &amp; Toksvig Fondet\",\"isPartOf\":{\"@id\":\"https:\/\/harlangtoksvigfondet.dk\/#website\"},\"datePublished\":\"2022-09-03T22:51:41+00:00\",\"dateModified\":\"2024-02-21T00:38:13+00:00\",\"breadcrumb\":{\"@id\":\"https:\/\/harlangtoksvigfondet.dk\/index.php\/privatliv-og-data\/#breadcrumb\"},\"inLanguage\":\"da-DK\",\"potentialAction\":[{\"@type\":\"ReadAction\",\"target\":[\"https:\/\/harlangtoksvigfondet.dk\/index.php\/privatliv-og-data\/\"]}]},{\"@type\":\"BreadcrumbList\",\"@id\":\"https:\/\/harlangtoksvigfondet.dk\/index.php\/privatliv-og-data\/#breadcrumb\",\"itemListElement\":[{\"@type\":\"ListItem\",\"position\":1,\"name\":\"Home\",\"item\":\"https:\/\/harlangtoksvigfondet.dk\/\"},{\"@type\":\"ListItem\",\"position\":2,\"name\":\"Privatlivs- og databeskyttelsespolitik\"}]},{\"@type\":\"WebSite\",\"@id\":\"https:\/\/harlangtoksvigfondet.dk\/#website\",\"url\":\"https:\/\/harlangtoksvigfondet.dk\/\",\"name\":\"Harlang & Toksvig Fondet\",\"description\":\"Harlang &amp; Toksvig Fondet\",\"publisher\":{\"@id\":\"https:\/\/harlangtoksvigfondet.dk\/#organization\"},\"potentialAction\":[{\"@type\":\"SearchAction\",\"target\":{\"@type\":\"EntryPoint\",\"urlTemplate\":\"https:\/\/harlangtoksvigfondet.dk\/?s={search_term_string}\"},\"query-input\":\"required name=search_term_string\"}],\"inLanguage\":\"da-DK\"},{\"@type\":\"Organization\",\"@id\":\"https:\/\/harlangtoksvigfondet.dk\/#organization\",\"name\":\"Harlang & Toksvig Fondet\",\"url\":\"https:\/\/harlangtoksvigfondet.dk\/\",\"logo\":{\"@type\":\"ImageObject\",\"inLanguage\":\"da-DK\",\"@id\":\"https:\/\/harlangtoksvigfondet.dk\/#\/schema\/logo\/image\/\",\"url\":\"https:\/\/harlangtoksvigfondet.dk\/wp-content\/uploads\/2022\/08\/cropped-harlangtoksvig.png\",\"contentUrl\":\"https:\/\/harlangtoksvigfondet.dk\/wp-content\/uploads\/2022\/08\/cropped-harlangtoksvig.png\",\"width\":512,\"height\":512,\"caption\":\"Harlang & Toksvig Fondet\"},\"image\":{\"@id\":\"https:\/\/harlangtoksvigfondet.dk\/#\/schema\/logo\/image\/\"}}]}<\/script>\n<!-- \/ Yoast SEO plugin. -->","yoast_head_json":{"title":"Privatlivs- og databeskyttelsespolitik - Harlang &amp; Toksvig Fondet","robots":{"index":"index","follow":"follow","max-snippet":"max-snippet:-1","max-image-preview":"max-image-preview:large","max-video-preview":"max-video-preview:-1"},"canonical":"https:\/\/harlangtoksvigfondet.dk\/index.php\/privatliv-og-data\/","og_locale":"da_DK","og_type":"article","og_title":"Privatlivs- og databeskyttelsespolitik - Harlang &amp; Toksvig Fondet","og_description":"[vc_row][vc_column][vc_message message_box_color=&#8221;warning&#8221; icon_fontello=&#8221;&#8221;]Harlang &amp; Toksvig Fondet respekterer dit privatliv og er forpligtet til at beskytte dine personoplysninger i overensstemmelse med g\u00e6ldende lovgivning, herunder GDPR (Generel Forordning om Databeskyttelse).[\/vc_message][vc_column_text] Indsamling af personoplysninger: Vi indsamler personoplysninger fra ans\u00f8gere, der bruger vores digitale ans\u00f8gningsskema til at ans\u00f8ge om legater. Disse oplysninger kan omfatte navn, kontaktinformation, CV og andre relevante oplysninger i forbindelse med [&hellip;]","og_url":"https:\/\/harlangtoksvigfondet.dk\/index.php\/privatliv-og-data\/","og_site_name":"Harlang &amp; Toksvig Fondet","article_modified_time":"2024-02-21T00:38:13+00:00","twitter_card":"summary_large_image","twitter_misc":{"Estimeret l\u00e6setid":"2 minutter"},"schema":{"@context":"https:\/\/schema.org","@graph":[{"@type":"WebPage","@id":"https:\/\/harlangtoksvigfondet.dk\/index.php\/privatliv-og-data\/","url":"https:\/\/harlangtoksvigfondet.dk\/index.php\/privatliv-og-data\/","name":"Privatlivs- og databeskyttelsespolitik - Harlang &amp; Toksvig Fondet","isPartOf":{"@id":"https:\/\/harlangtoksvigfondet.dk\/#website"},"datePublished":"2022-09-03T22:51:41+00:00","dateModified":"2024-02-21T00:38:13+00:00","breadcrumb":{"@id":"https:\/\/harlangtoksvigfondet.dk\/index.php\/privatliv-og-data\/#breadcrumb"},"inLanguage":"da-DK","potentialAction":[{"@type":"ReadAction","target":["https:\/\/harlangtoksvigfondet.dk\/index.php\/privatliv-og-data\/"]}]},{"@type":"BreadcrumbList","@id":"https:\/\/harlangtoksvigfondet.dk\/index.php\/privatliv-og-data\/#breadcrumb","itemListElement":[{"@type":"ListItem","position":1,"name":"Home","item":"https:\/\/harlangtoksvigfondet.dk\/"},{"@type":"ListItem","position":2,"name":"Privatlivs- og databeskyttelsespolitik"}]},{"@type":"WebSite","@id":"https:\/\/harlangtoksvigfondet.dk\/#website","url":"https:\/\/harlangtoksvigfondet.dk\/","name":"Harlang & Toksvig Fondet","description":"Harlang &amp; Toksvig Fondet","publisher":{"@id":"https:\/\/harlangtoksvigfondet.dk\/#organization"},"potentialAction":[{"@type":"SearchAction","target":{"@type":"EntryPoint","urlTemplate":"https:\/\/harlangtoksvigfondet.dk\/?s={search_term_string}"},"query-input":"required name=search_term_string"}],"inLanguage":"da-DK"},{"@type":"Organization","@id":"https:\/\/harlangtoksvigfondet.dk\/#organization","name":"Harlang & Toksvig Fondet","url":"https:\/\/harlangtoksvigfondet.dk\/","logo":{"@type":"ImageObject","inLanguage":"da-DK","@id":"https:\/\/harlangtoksvigfondet.dk\/#\/schema\/logo\/image\/","url":"https:\/\/harlangtoksvigfondet.dk\/wp-content\/uploads\/2022\/08\/cropped-harlangtoksvig.png","contentUrl":"https:\/\/harlangtoksvigfondet.dk\/wp-content\/uploads\/2022\/08\/cropped-harlangtoksvig.png","width":512,"height":512,"caption":"Harlang & Toksvig Fondet"},"image":{"@id":"https:\/\/harlangtoksvigfondet.dk\/#\/schema\/logo\/image\/"}}]}},"_links":{"self":[{"href":"https:\/\/harlangtoksvigfondet.dk\/index.php\/wp-json\/wp\/v2\/pages\/169","targetHints":{"allow":["GET"]}}],"collection":[{"href":"https:\/\/harlangtoksvigfondet.dk\/index.php\/wp-json\/wp\/v2\/pages"}],"about":[{"href":"https:\/\/harlangtoksvigfondet.dk\/index.php\/wp-json\/wp\/v2\/types\/page"}],"author":[{"embeddable":true,"href":"https:\/\/harlangtoksvigfondet.dk\/index.php\/wp-json\/wp\/v2\/users\/1"}],"replies":[{"embeddable":true,"href":"https:\/\/harlangtoksvigfondet.dk\/index.php\/wp-json\/wp\/v2\/comments?post=169"}],"version-history":[{"count":6,"href":"https:\/\/harlangtoksvigfondet.dk\/index.php\/wp-json\/wp\/v2\/pages\/169\/revisions"}],"predecessor-version":[{"id":647,"href":"https:\/\/harlangtoksvigfondet.dk\/index.php\/wp-json\/wp\/v2\/pages\/169\/revisions\/647"}],"wp:attachment":[{"href":"https:\/\/harlangtoksvigfondet.dk\/index.php\/wp-json\/wp\/v2\/media?parent=169"}],"curies":[{"name":"wp","href":"https:\/\/api.w.org\/{rel}","templated":true}]}}