{"id":211,"date":"2022-09-04T14:42:43","date_gmt":"2022-09-04T14:42:43","guid":{"rendered":"https:\/\/dubmanager.io\/websites\/harlangtoksvigfondet\/?page_id=211"},"modified":"2024-02-21T01:08:12","modified_gmt":"2024-02-21T00:08:12","slug":"kontakt","status":"publish","type":"page","link":"https:\/\/harlangtoksvigfondet.dk\/index.php\/kontakt\/","title":{"rendered":"Kontakt"},"content":{"rendered":"<p>[vc_row][vc_column width=&#8221;1\/2&#8243;][vc_column_text]Kontakt os gerne via vores kontaktformular for generelle henvendelser eller sp\u00f8rgsm\u00e5l. Vi h\u00f8re ogs\u00e5 gerne fra dig hvis du har materiale eller interessant information relevant for reklamebureauet Harlang &amp; Toksvig.<\/p>\n<p>Venligst bem\u00e6rk, at vi prim\u00e6rt modtager legatans\u00f8gninger gennem vores digitale ans\u00f8gningsskema. Hvis du \u00f8nsker at ans\u00f8ge om et legat, bedes du venligst benytte vores ans\u00f8gningsproces for legatans\u00f8gninger. Vi ser frem til at h\u00f8re fra dig.[\/vc_column_text][vc_gmaps link=&#8221;#E-8_JTNDaWZyYW1lJTIwc3JjJTNEJTIyaHR0cHMlM0ElMkYlMkZ3d3cuZ29vZ2xlLmNvbSUyRm1hcHMlMkZlbWJlZCUzRnBiJTNEJTIxMW0xOCUyMTFtMTIlMjExbTMlMjExZDIyNDkuNzg1Mjc1MjM3OTclMjEyZDEyLjU5MDA1MjExNTkzMzM1OSUyMTNkNTUuNjc1MzM0MDA1NDMxNjElMjEybTMlMjExZjAlMjEyZjAlMjEzZjAlMjEzbTIlMjExaTEwMjQlMjEyaTc2OCUyMTRmMTMuMSUyMTNtMyUyMTFtMiUyMTFzMHg0NjUyNTMzYzE1YjUyODcxJTI1M0EweDRhYTEwZmU5MTY5ZGQxZiUyMTJzU3RyYW5kZ2FkZSUyNTIwNDYlMjUyQyUyNTIwU1QlMjUyMDE0MDElMjUyQyUyNTIwMTQwMSUyNTIwSyUyNUMzJTI1QjhiZW5oYXZuJTIxNWUwJTIxM20yJTIxMXNlbiUyMTJzZGslMjE0djE2NjI0NTg3ODgwMTklMjE1bTIlMjExc2VuJTIxMnNkayUyMiUyMHdpZHRoJTNEJTIyNjAwJTIyJTIwaGVpZ2h0JTNEJTIyNDUwJTIyJTIwc3R5bGUlM0QlMjJib3JkZXIlM0EwJTNCJTIyJTIwYWxsb3dmdWxsc2NyZWVuJTNEJTIyJTIyJTIwbG9hZGluZyUzRCUyMmxhenklMjIlMjByZWZlcnJlcnBvbGljeSUzRCUyMm5vLXJlZmVycmVyLXdoZW4tZG93bmdyYWRlJTIyJTNFJTNDJTJGaWZyYW1lJTNF&#8221; css_animation=&#8221;fadeIn&#8221; el_id=&#8221;maps&#8221;][vc_message message_box_style=&#8221;solid-icon&#8221; icon_type=&#8221;fontawesome&#8221; icon_fontawesome=&#8221;far fa-envelope&#8221;]Brug venligst kun denne kontaktformular for generelle henvendelser. Send venligst kun ans\u00f8gning via vores <a href=\"https:\/\/harlangtoksvigfondet.dk\/index.php\/ansogning\/\">digitale ans\u00f8gningskema<\/a>[\/vc_message][\/vc_column][vc_column width=&#8221;1\/2&#8243; css=&#8221;.vc_custom_1677597897231{margin-left: 4% !important;}&#8221;]\n<div class=\"wpcf7 no-js\" id=\"wpcf7-f210-o1\" lang=\"en-US\" dir=\"ltr\">\n<div class=\"screen-reader-response\"><p role=\"status\" aria-live=\"polite\" aria-atomic=\"true\"><\/p> <ul><\/ul><\/div>\n<form action=\"\/index.php\/wp-json\/wp\/v2\/pages\/211#wpcf7-f210-o1\" method=\"post\" class=\"wpcf7-form init\" aria-label=\"Contact form\" novalidate=\"novalidate\" data-status=\"init\">\n<div style=\"display: none;\">\n<input type=\"hidden\" name=\"_wpcf7\" value=\"210\" \/>\n<input type=\"hidden\" name=\"_wpcf7_version\" value=\"5.8.7\" \/>\n<input type=\"hidden\" name=\"_wpcf7_locale\" value=\"en_US\" \/>\n<input type=\"hidden\" name=\"_wpcf7_unit_tag\" value=\"wpcf7-f210-o1\" \/>\n<input type=\"hidden\" name=\"_wpcf7_container_post\" value=\"0\" \/>\n<input type=\"hidden\" name=\"_wpcf7_posted_data_hash\" value=\"\" \/>\n<\/div>\n<p><label> Dit navn<br \/>\n<span class=\"wpcf7-form-control-wrap\" data-name=\"your-name\"><input size=\"40\" class=\"wpcf7-form-control wpcf7-text wpcf7-validates-as-required\" aria-required=\"true\" aria-invalid=\"false\" value=\"\" type=\"text\" name=\"your-name\" \/><\/span> <\/label>\n<\/p>\n<p><label> Din email<br \/>\n<span class=\"wpcf7-form-control-wrap\" data-name=\"your-email\"><input size=\"40\" class=\"wpcf7-form-control wpcf7-email wpcf7-validates-as-required wpcf7-text wpcf7-validates-as-email\" aria-required=\"true\" aria-invalid=\"false\" value=\"\" type=\"email\" name=\"your-email\" \/><\/span> <\/label>\n<\/p>\n<p><label> Emne<br \/>\n<span class=\"wpcf7-form-control-wrap\" data-name=\"your-subject\"><input size=\"40\" class=\"wpcf7-form-control wpcf7-text wpcf7-validates-as-required\" aria-required=\"true\" aria-invalid=\"false\" value=\"\" type=\"text\" name=\"your-subject\" \/><\/span> <\/label>\n<\/p>\n<p><label> Besked (optional)<br \/>\n<span class=\"wpcf7-form-control-wrap\" data-name=\"your-message\"><textarea cols=\"40\" rows=\"10\" class=\"wpcf7-form-control wpcf7-textarea\" aria-invalid=\"false\" name=\"your-message\"><\/textarea><\/span> <\/label>\n<\/p>\n<p><input class=\"wpcf7-form-control wpcf7-submit has-spinner\" type=\"submit\" value=\"Submit\" \/>\n<\/p><div class=\"wpcf7-response-output\" aria-hidden=\"true\"><\/div>\n<\/form>\n<\/div>\n[\/vc_column][vc_column][\/vc_column][\/vc_row]<\/p>\n","protected":false},"excerpt":{"rendered":"<p>[vc_row][vc_column width=&#8221;1\/2&#8243;][vc_column_text]Kontakt os gerne via vores kontaktformular for generelle henvendelser eller sp\u00f8rgsm\u00e5l. Vi h\u00f8re ogs\u00e5 gerne fra dig hvis du har materiale eller interessant information relevant for reklamebureauet Harlang &amp; Toksvig. Venligst bem\u00e6rk, at vi prim\u00e6rt modtager legatans\u00f8gninger gennem vores digitale ans\u00f8gningsskema. Hvis du \u00f8nsker at ans\u00f8ge om et legat, bedes du venligst benytte vores ans\u00f8gningsproces for legatans\u00f8gninger. Vi ser [&hellip;]<\/p>\n","protected":false},"author":1,"featured_media":0,"parent":0,"menu_order":0,"comment_status":"closed","ping_status":"closed","template":"","meta":{"footnotes":""},"class_list":["post-211","page","type-page","status-publish","hentry"],"yoast_head":"<!-- This site is optimized with the Yoast SEO plugin v22.1 - https:\/\/yoast.com\/wordpress\/plugins\/seo\/ -->\n<title>Kontakt - Harlang &amp; Toksvig Fondet<\/title>\n<meta name=\"robots\" content=\"index, follow, max-snippet:-1, max-image-preview:large, max-video-preview:-1\" \/>\n<link rel=\"canonical\" href=\"https:\/\/harlangtoksvigfondet.dk\/index.php\/kontakt\/\" \/>\n<meta property=\"og:locale\" content=\"da_DK\" \/>\n<meta property=\"og:type\" content=\"article\" \/>\n<meta property=\"og:title\" content=\"Kontakt - Harlang &amp; Toksvig Fondet\" \/>\n<meta property=\"og:description\" content=\"[vc_row][vc_column width=&#8221;1\/2&#8243;][vc_column_text]Kontakt os gerne via vores kontaktformular for generelle henvendelser eller sp\u00f8rgsm\u00e5l. Vi h\u00f8re ogs\u00e5 gerne fra dig hvis du har materiale eller interessant information relevant for reklamebureauet Harlang &amp; Toksvig. Venligst bem\u00e6rk, at vi prim\u00e6rt modtager legatans\u00f8gninger gennem vores digitale ans\u00f8gningsskema. Hvis du \u00f8nsker at ans\u00f8ge om et legat, bedes du venligst benytte vores ans\u00f8gningsproces for legatans\u00f8gninger. Vi ser [&hellip;]\" \/>\n<meta property=\"og:url\" content=\"https:\/\/harlangtoksvigfondet.dk\/index.php\/kontakt\/\" \/>\n<meta property=\"og:site_name\" content=\"Harlang &amp; Toksvig Fondet\" \/>\n<meta property=\"article:modified_time\" content=\"2024-02-21T00:08:12+00:00\" \/>\n<meta name=\"twitter:card\" content=\"summary_large_image\" \/>\n<meta name=\"twitter:label1\" content=\"Estimeret l\u00e6setid\" \/>\n\t<meta name=\"twitter:data1\" content=\"1 minut\" \/>\n<script type=\"application\/ld+json\" class=\"yoast-schema-graph\">{\"@context\":\"https:\/\/schema.org\",\"@graph\":[{\"@type\":\"WebPage\",\"@id\":\"https:\/\/harlangtoksvigfondet.dk\/index.php\/kontakt\/\",\"url\":\"https:\/\/harlangtoksvigfondet.dk\/index.php\/kontakt\/\",\"name\":\"Kontakt - Harlang &amp; Toksvig Fondet\",\"isPartOf\":{\"@id\":\"https:\/\/harlangtoksvigfondet.dk\/#website\"},\"datePublished\":\"2022-09-04T14:42:43+00:00\",\"dateModified\":\"2024-02-21T00:08:12+00:00\",\"breadcrumb\":{\"@id\":\"https:\/\/harlangtoksvigfondet.dk\/index.php\/kontakt\/#breadcrumb\"},\"inLanguage\":\"da-DK\",\"potentialAction\":[{\"@type\":\"ReadAction\",\"target\":[\"https:\/\/harlangtoksvigfondet.dk\/index.php\/kontakt\/\"]}]},{\"@type\":\"BreadcrumbList\",\"@id\":\"https:\/\/harlangtoksvigfondet.dk\/index.php\/kontakt\/#breadcrumb\",\"itemListElement\":[{\"@type\":\"ListItem\",\"position\":1,\"name\":\"Home\",\"item\":\"https:\/\/harlangtoksvigfondet.dk\/\"},{\"@type\":\"ListItem\",\"position\":2,\"name\":\"Kontakt\"}]},{\"@type\":\"WebSite\",\"@id\":\"https:\/\/harlangtoksvigfondet.dk\/#website\",\"url\":\"https:\/\/harlangtoksvigfondet.dk\/\",\"name\":\"Harlang & Toksvig Fondet\",\"description\":\"Harlang &amp; Toksvig Fondet\",\"publisher\":{\"@id\":\"https:\/\/harlangtoksvigfondet.dk\/#organization\"},\"potentialAction\":[{\"@type\":\"SearchAction\",\"target\":{\"@type\":\"EntryPoint\",\"urlTemplate\":\"https:\/\/harlangtoksvigfondet.dk\/?s={search_term_string}\"},\"query-input\":\"required name=search_term_string\"}],\"inLanguage\":\"da-DK\"},{\"@type\":\"Organization\",\"@id\":\"https:\/\/harlangtoksvigfondet.dk\/#organization\",\"name\":\"Harlang & Toksvig Fondet\",\"url\":\"https:\/\/harlangtoksvigfondet.dk\/\",\"logo\":{\"@type\":\"ImageObject\",\"inLanguage\":\"da-DK\",\"@id\":\"https:\/\/harlangtoksvigfondet.dk\/#\/schema\/logo\/image\/\",\"url\":\"https:\/\/harlangtoksvigfondet.dk\/wp-content\/uploads\/2022\/08\/cropped-harlangtoksvig.png\",\"contentUrl\":\"https:\/\/harlangtoksvigfondet.dk\/wp-content\/uploads\/2022\/08\/cropped-harlangtoksvig.png\",\"width\":512,\"height\":512,\"caption\":\"Harlang & Toksvig Fondet\"},\"image\":{\"@id\":\"https:\/\/harlangtoksvigfondet.dk\/#\/schema\/logo\/image\/\"}}]}<\/script>\n<!-- \/ Yoast SEO plugin. -->","yoast_head_json":{"title":"Kontakt - Harlang &amp; Toksvig Fondet","robots":{"index":"index","follow":"follow","max-snippet":"max-snippet:-1","max-image-preview":"max-image-preview:large","max-video-preview":"max-video-preview:-1"},"canonical":"https:\/\/harlangtoksvigfondet.dk\/index.php\/kontakt\/","og_locale":"da_DK","og_type":"article","og_title":"Kontakt - Harlang &amp; Toksvig Fondet","og_description":"[vc_row][vc_column width=&#8221;1\/2&#8243;][vc_column_text]Kontakt os gerne via vores kontaktformular for generelle henvendelser eller sp\u00f8rgsm\u00e5l. Vi h\u00f8re ogs\u00e5 gerne fra dig hvis du har materiale eller interessant information relevant for reklamebureauet Harlang &amp; Toksvig. Venligst bem\u00e6rk, at vi prim\u00e6rt modtager legatans\u00f8gninger gennem vores digitale ans\u00f8gningsskema. Hvis du \u00f8nsker at ans\u00f8ge om et legat, bedes du venligst benytte vores ans\u00f8gningsproces for legatans\u00f8gninger. Vi ser [&hellip;]","og_url":"https:\/\/harlangtoksvigfondet.dk\/index.php\/kontakt\/","og_site_name":"Harlang &amp; Toksvig Fondet","article_modified_time":"2024-02-21T00:08:12+00:00","twitter_card":"summary_large_image","twitter_misc":{"Estimeret l\u00e6setid":"1 minut"},"schema":{"@context":"https:\/\/schema.org","@graph":[{"@type":"WebPage","@id":"https:\/\/harlangtoksvigfondet.dk\/index.php\/kontakt\/","url":"https:\/\/harlangtoksvigfondet.dk\/index.php\/kontakt\/","name":"Kontakt - Harlang &amp; Toksvig Fondet","isPartOf":{"@id":"https:\/\/harlangtoksvigfondet.dk\/#website"},"datePublished":"2022-09-04T14:42:43+00:00","dateModified":"2024-02-21T00:08:12+00:00","breadcrumb":{"@id":"https:\/\/harlangtoksvigfondet.dk\/index.php\/kontakt\/#breadcrumb"},"inLanguage":"da-DK","potentialAction":[{"@type":"ReadAction","target":["https:\/\/harlangtoksvigfondet.dk\/index.php\/kontakt\/"]}]},{"@type":"BreadcrumbList","@id":"https:\/\/harlangtoksvigfondet.dk\/index.php\/kontakt\/#breadcrumb","itemListElement":[{"@type":"ListItem","position":1,"name":"Home","item":"https:\/\/harlangtoksvigfondet.dk\/"},{"@type":"ListItem","position":2,"name":"Kontakt"}]},{"@type":"WebSite","@id":"https:\/\/harlangtoksvigfondet.dk\/#website","url":"https:\/\/harlangtoksvigfondet.dk\/","name":"Harlang & Toksvig Fondet","description":"Harlang &amp; Toksvig Fondet","publisher":{"@id":"https:\/\/harlangtoksvigfondet.dk\/#organization"},"potentialAction":[{"@type":"SearchAction","target":{"@type":"EntryPoint","urlTemplate":"https:\/\/harlangtoksvigfondet.dk\/?s={search_term_string}"},"query-input":"required name=search_term_string"}],"inLanguage":"da-DK"},{"@type":"Organization","@id":"https:\/\/harlangtoksvigfondet.dk\/#organization","name":"Harlang & Toksvig Fondet","url":"https:\/\/harlangtoksvigfondet.dk\/","logo":{"@type":"ImageObject","inLanguage":"da-DK","@id":"https:\/\/harlangtoksvigfondet.dk\/#\/schema\/logo\/image\/","url":"https:\/\/harlangtoksvigfondet.dk\/wp-content\/uploads\/2022\/08\/cropped-harlangtoksvig.png","contentUrl":"https:\/\/harlangtoksvigfondet.dk\/wp-content\/uploads\/2022\/08\/cropped-harlangtoksvig.png","width":512,"height":512,"caption":"Harlang & Toksvig Fondet"},"image":{"@id":"https:\/\/harlangtoksvigfondet.dk\/#\/schema\/logo\/image\/"}}]}},"_links":{"self":[{"href":"https:\/\/harlangtoksvigfondet.dk\/index.php\/wp-json\/wp\/v2\/pages\/211","targetHints":{"allow":["GET"]}}],"collection":[{"href":"https:\/\/harlangtoksvigfondet.dk\/index.php\/wp-json\/wp\/v2\/pages"}],"about":[{"href":"https:\/\/harlangtoksvigfondet.dk\/index.php\/wp-json\/wp\/v2\/types\/page"}],"author":[{"embeddable":true,"href":"https:\/\/harlangtoksvigfondet.dk\/index.php\/wp-json\/wp\/v2\/users\/1"}],"replies":[{"embeddable":true,"href":"https:\/\/harlangtoksvigfondet.dk\/index.php\/wp-json\/wp\/v2\/comments?post=211"}],"version-history":[{"count":17,"href":"https:\/\/harlangtoksvigfondet.dk\/index.php\/wp-json\/wp\/v2\/pages\/211\/revisions"}],"predecessor-version":[{"id":642,"href":"https:\/\/harlangtoksvigfondet.dk\/index.php\/wp-json\/wp\/v2\/pages\/211\/revisions\/642"}],"wp:attachment":[{"href":"https:\/\/harlangtoksvigfondet.dk\/index.php\/wp-json\/wp\/v2\/media?parent=211"}],"curies":[{"name":"wp","href":"https:\/\/api.w.org\/{rel}","templated":true}]}}