{"id":3,"date":"2022-08-31T21:26:44","date_gmt":"2022-08-31T21:26:44","guid":{"rendered":"https:\/\/dubmanager.io\/websites\/harlangtoksvigfondet\/?page_id=3"},"modified":"2024-02-21T17:00:16","modified_gmt":"2024-02-21T16:00:16","slug":"om-fondet","status":"publish","type":"page","link":"https:\/\/harlangtoksvigfondet.dk\/index.php\/om-fondet\/","title":{"rendered":"Om Fondet"},"content":{"rendered":"<p>[vc_row][vc_column css_animation=&#8221;fadeIn&#8221;][vc_column_text animation=&#8221;animate-when-almost-visible&#8221; css_animation=&#8221;el-fade&#8221;]<\/p>\r\n<p>I den pulserende atmosf\u00e6re i 30&#8217;ernes K\u00f8benhavn voksede et vision\u00e6rt reklamebureau frem: Harlang &amp; Toksvig Reklamebureau A\/S etableret i 1934 af Frantz Harlang og Frithjof Toksvig. Deres vision og ekspertise inden for reklameverdenen blev grundlaget for et bureau, der skulle g\u00e5 langt og hj\u00e6lpe virksomheder, politiske partier med deres budskab. Dette blev til en r\u00e6kke kendte slogans herunder det velkendte &#8220;Ud og Se Med DSB&#8221; fra 1934.<\/p>\r\n<p>I 1972 tog virksomheden et skridt mod at g\u00e5 mere international ved at fusionere med Svenska Telegram Bureau. Denne alliance styrkede deres position p\u00e5 markedet og udvidede deres kampagner til skandinaviske markedet. (\u00c5rhus, Stockholm og Oslo)<\/p>\r\n<p>En afg\u00f8rende milep\u00e6l i bureauets historie kom i 1975, da Ogilvy &amp; Mather k\u00f8bte sig ind i virksomheden. Dette partnerskab var ikke blot en \u00f8konomisk investering, men ogs\u00e5 et strategisk skridt mod at udvide deres r\u00e6kkevidde og indflydelse. Som et symbol p\u00e5 dette partnerskab blev navnet \u00e6ndret til <a href=\"https:\/\/www.ogilvy.com\/\">Ogilvy &amp; Mather<\/a> i 1979, og bureauet fortsatte med at trives i det pulserende reklamemilj\u00f8 og eksistere stadig den dag i dag.<\/p>\r\n<p>Gennem \u00e5rene har bureauets kampagner og pioneer\u00e5nd v\u00e6ret en kilde til v\u00e6rdifuld viden og inspiration for forskellige virksomheder og institutioner inden for sit felt.<\/p>\r\n<p>I eftertiden lever Harlang &amp; Toksvig videre som en <a href=\"https:\/\/www.legatbogen.dk\/harlang--toksvig-fondet\">familiefond<\/a> bestyret af sl\u00e6gtninge af stifterne.<\/p>\r\n<p>Hensigten med fondet er s\u00e5 vidt muligt at sikre bevarelsen og videref\u00f8relsen af Harlang &amp; Toksvig Bladforlag A\/S, som en selvst\u00e6ndig og uafh\u00e6ngig virksomhed for derved at kunne yde \u00f8konomisk st\u00f8tte i overensstemmelse med denne fundats <a href=\"https:\/\/harlangtoksvigfondet.dk\/index.php\/visioner\/\">visioner<\/a>.<\/p>\r\n<p>Fondet deler \u00e5rligt legater ud til almennyttige projekter, der is\u00e6r har fokus p\u00e5 kommunikation af gode budskaber. L\u00e6s mere om <a href=\"https:\/\/harlangtoksvigfondet.dk\/index.php\/harlang-toksvig-fondet\/ansognings-proces\/\">ans\u00f8gningsprocessen<\/a>.<\/p>\r\n<p>&nbsp;<\/p>\r\n<p>[\/vc_column_text]\t\t\t<!-- Cool Timeline PRO V4.6.1 -->\r\n\t\t\t<div class=\"ctl-wrapper\">\r\n\t\t\t\t\t\t\t\t<div id=\"cool_timeline_1\" class=\"cool-timeline-wrapper ctl-both-sided ctl-vertical-wrapper ctl-compact-wrapper ctl-default\" data-nav=\"hide\" data-line-filling=\"false\" data-nav-pos=\"right\">\r\n\t\t\t\t\t<div class=\"ctl-start\"><\/div>\r\n\t\t\t\t\t<!-- Timeline Container -->\r\n\t\t\t\t\t<div class=\"ctl-timeline ctl-timeline-container\" data-animation=\"none\">\r\n\t\t\t\t\t\t<!-- Center Line -->\r\n\t\t\t\t\t\t<div class=\"ctl-inner-line\"><\/div>\r\n\t\t\t\t\t\t<!-- Timeline Content --><div  id=\"ctl-story-345\" class=\"ctl-story ctl-story-icon odd ctl-story-right ctl-no-media ctl-main-date\"  data-story-index=\"1\"><!-- Story Icon --><div class=\"ctl-icon\"><i class= \"fa fas fa-leaf\" aria-hidden =\"true\" ><\/i><\/div> <!-- Story Arrow --><div class=\"ctl-arrow\"><\/div>\r\n\t\t\t<!-- Story Content --><div class=\"ctl-content\"><!-- Story Title --><div class=\"ctl-title story-345\"><a target=\"_self\" title=\"Reklamebureauet stiftes\" href=\"https:\/\/harlangtoksvigfondet.dk\/index.php\/timeline\/stiftes\/\" class=\"story-link\">Reklamebureauet stiftes<\/a><\/div><!-- Story Date --><div class=\"ctl-labels\"><div class=\"ctl-label-big story-date\">1934<\/div><\/div><\/div><\/div><!-- Timeline Content --><div  id=\"ctl-story-337\" class=\"ctl-story ctl-story-icon even ctl-story-left ctl-no-media ctl-main-date\"  data-story-index=\"2\"><!-- Story Icon --><div class=\"ctl-icon\"><i class= \"fa fas fa-plane-departure\" aria-hidden =\"true\" ><\/i><\/div> <!-- Story Arrow --><div class=\"ctl-arrow\"><\/div>\r\n\t\t\t<!-- Story Content --><div class=\"ctl-content\"><!-- Story Title --><div class=\"ctl-title story-337\"><a target=\"_self\" title=\"Harlang &#038; Toksvig \u00e5bner underafdelinger i Skandinavien\" href=\"https:\/\/harlangtoksvigfondet.dk\/index.php\/timeline\/harlang-toksvig-abner-underafdelinger-i-skandinavien\/\" class=\"story-link\">Harlang &#038; Toksvig \u00e5bner underafdelinger i Skandinavien<\/a><\/div><!-- Story Date --><div class=\"ctl-labels\"><div class=\"ctl-label-big story-date\">1938<\/div><\/div><\/div><\/div><!-- Timeline Content --><div  id=\"ctl-story-566\" class=\"ctl-story ctl-story-icon odd ctl-story-right ctl-no-media ctl-main-date\"  data-story-index=\"3\"><!-- Story Icon --><div class=\"ctl-icon\"><i class= \"fa fas fa-hand-holding-heart\" aria-hidden =\"true\" ><\/i><\/div> <!-- Story Arrow --><div class=\"ctl-arrow\"><\/div>\r\n\t\t\t<!-- Story Content --><div class=\"ctl-content\"><!-- Story Title --><div class=\"ctl-title story-566\"><a target=\"_self\" title=\"Harlang og Toksvig Fondet, Holding Company og bladforlaget stiftes\" href=\"https:\/\/harlangtoksvigfondet.dk\/index.php\/timeline\/harlang-og-toksvig-fondet-og-bladforlaget-stiftes\/\" class=\"story-link\">Harlang og Toksvig Fondet, Holding Company og bladforlaget stiftes<\/a><\/div><!-- Story Date --><div class=\"ctl-labels\"><div class=\"ctl-label-big story-date\">1950<\/div><\/div><\/div><\/div><!-- Timeline Content --><div  id=\"ctl-story-343\" class=\"ctl-story ctl-story-icon even ctl-story-left ctl-no-media ctl-main-date\"  data-story-index=\"4\"><!-- Story Icon --><div class=\"ctl-icon\"><i class= \" fab fa-wpexplorer\" aria-hidden =\"true\" ><\/i><\/div> <!-- Story Arrow --><div class=\"ctl-arrow\"><\/div>\r\n\t\t\t<!-- Story Content --><div class=\"ctl-content\"><!-- Story Title --><div class=\"ctl-title story-343\"><a target=\"_self\" title=\"Reklame bureauet fusionere med Svenska Telegram\" href=\"https:\/\/harlangtoksvigfondet.dk\/index.php\/timeline\/harlang-test-123\/\" class=\"story-link\">Reklame bureauet fusionere med Svenska Telegram<\/a><\/div><!-- Story Date --><div class=\"ctl-labels\"><div class=\"ctl-label-big story-date\">1972<\/div><\/div><\/div><\/div><!-- Timeline Content --><div  id=\"ctl-story-344\" class=\"ctl-story ctl-story-icon odd ctl-story-right ctl-no-media ctl-main-date\"  data-story-index=\"5\"><!-- Story Icon --><div class=\"ctl-icon\"><i class= \"fa fas fa-file-export\" aria-hidden =\"true\" ><\/i><\/div> <!-- Story Arrow --><div class=\"ctl-arrow\"><\/div>\r\n\t\t\t<!-- Story Content --><div class=\"ctl-content\"><!-- Story Title --><div class=\"ctl-title story-344\"><a target=\"_self\" title=\"Ogilvy &#038; Mather opk\u00f8ber reklamebureauet\" href=\"https:\/\/harlangtoksvigfondet.dk\/index.php\/timeline\/ogilvy-mather-opkoeber-reklamebureauet\/\" class=\"story-link\">Ogilvy &#038; Mather opk\u00f8ber reklamebureauet<\/a><\/div><!-- Story Date --><div class=\"ctl-labels\"><div class=\"ctl-label-big story-date\">1975<\/div><\/div><\/div><\/div>\t\t\t\t\t<\/div>\r\n\t\t\t\t\t<div class=\"ctl-end\"><\/div>\r\n\t\t\t\t\t\t\t\t\t\t<!-- Each Timeline Style -->\r\n\t\t\t\t\t<style id=\"cool_timeline_1-styles\" type=\"text\/css\">\r\n\t\t\t\t\t\t.ctl-wrapper .cool-timeline-wrapper.ctl-compact-wrapper.ctl-default {--ctw-cbx-title-color: #666666;}\t\t\t\t\t\t\t\t\t\t\t<\/style>\r\n\t\t\t\t\t\t\t\t\t\t<\/div>\r\n\t\t\t<\/div>\r\n\t\t\t[vc_separator color=&#8221;custom&#8221; accent_color=&#8221;#b84006&#8243;][vc_gallery type=&#8221;grid&#8221; images=&#8221;276,277,278,281,282,283,284,285&#8243; img_size=&#8221;500&#215;500&#8243;][\/vc_column][\/vc_row][vc_section css_animation=&#8221;fadeIn&#8221;][vc_row text_color=&#8221;#000000&#8243; type=&#8221;color&#8221; bg_color=&#8221;#ffffff&#8221;][vc_column][vc_column_text animation=&#8221;animate-when-visible&#8221; css_animation=&#8221;el-fade&#8221;]<\/p>\r\n<h2 class=\"wp-block-heading\" style=\"text-align: left;\">Reklamebureauets stiftere<\/h2>\r\n<p>[\/vc_column_text][vc_separator color=&#8221;custom&#8221; accent_color=&#8221;#b84006&#8243;][\/vc_column][\/vc_row][vc_row gap=&#8221;30&#8243; text_color=&#8221;#f4f4f4&#8243; section_type=&#8221;alternate&#8221; type=&#8221;color&#8221; bg_color=&#8221;#0c4944&#8243; vertical_align=&#8221;yes&#8221; border=&#8221;left&#8221; visibility=&#8221;hidden-xs,hidden-sm&#8221;][vc_column css_animation=&#8221;fadeIn&#8221; width=&#8221;1\/2&#8243;][vc_separator color=&#8221;custom&#8221; el_width=&#8221;60&#8243; accent_color=&#8221;rgba(255,255,255,0.6)&#8221;][vc_column_text]<\/p>\r\n<p><b>Frantz Vilhelm Theodor Harlang<\/b>, (31. august 1899 &#8211; 29. marts 1981) var en dansk reklamemand, erhvervsleder og filantrop, der f\u00f8rst og fremmest er kendt som medstifter af og direkt\u00f8r for reklamebureauet Harlang og Toksvig A\/S.<\/p>\r\n<p style=\"text-align: left;\">Harlang var f\u00f8dt i K\u00f8benhavn og blev uddannet som boghandler i perioden 1913-17.<\/p>\r\n<p>I 1920 blev han ansat som s\u00e6lger i reklamebureauet Sylvester Hvid.<br \/>I 1925 blev han forfremmet til kontorchef i firmaet og allerede f\u00e5 \u00e5r efter (1928) udn\u00e6vnt som underdirekt\u00f8r. Det var dog f\u00f8rst da Harlang i samarbejde med <a href=\"#ft\">Frithjof Toksvig<\/a> stiftede reklamebureuret Harlang og Toksvig A\/S i 1934, at han virkelig begyndte at s\u00e6tte sit pr\u00e6g p\u00e5 branchen.<\/p>\r\n<p>Bureauet udviklede sig eksponentielt og snart blev det et af Skandinaviens st\u00f8rste reklamebureauer med underafdelinger i \u00c5rhus, Stockholm og Oslo og med kunder som blandt andre\u00a0Tuborg,\u00a0Ford\u00a0og\u00a0DSB. Blandt Harlangs mest kendte reklameslogans er verdens l\u00e6ngstlevende Ud At Se Med\u00a0DSB\u00a0fra 1934.<\/p>\r\n<p>Harlang stiftede i 1950erne Harlang &amp; Toksvig Holding Company, Harlang &amp; Toksvig Fondet og Harlang &amp; Toksvig Bladforlag. Frantz Harlang sad i flere bestyrelser, herunder Annoncebureauernes Brancheforening, Danske Reklamebureauers Brancheforening, m.fl., hvor han havde megen indflydelse og spillede en afg\u00f8rende rolle.<\/p>\r\n<p>[\/vc_column_text][\/vc_column][vc_column width=&#8221;1\/2&#8243; css=&#8221;.vc_custom_1662238662268{padding-left: 30px !important;}&#8221;][vc_custom_heading text=&#8221;Frantz Harlang&#8221; font_container=&#8221;tag:h3|font_size:32|text_align:center&#8221; google_fonts=&#8221;font_family:Raleway%3A100%2C200%2C300%2Cregular%2C500%2C600%2C700%2C800%2C900|font_style:400%20regular%3A400%3Anormal&#8221;][vc_column_text font_size=&#8221;10px&#8221; animation=&#8221;animate-when-visible&#8221; css_animation=&#8221;el-fade&#8221; css=&#8221;.vc_custom_1677535136086{margin-left: 30px !important;padding-top: 15px !important;padding-right: 15px !important;padding-bottom: 15px !important;padding-left: 15px !important;border-radius: 1px !important;}&#8221;]<\/p>\r\n<p><img loading=\"lazy\" decoding=\"async\" class=\"wp-image-312 size-medium aligncenter\" src=\"https:\/\/harlangtoksvigfondet.dk\/wp-content\/uploads\/2022\/09\/Frantz_Harlang-1-222x300.jpg\" alt=\"\" width=\"222\" height=\"300\" srcset=\"https:\/\/harlangtoksvigfondet.dk\/wp-content\/uploads\/2022\/09\/Frantz_Harlang-1-222x300.jpg 222w, https:\/\/harlangtoksvigfondet.dk\/wp-content\/uploads\/2022\/09\/Frantz_Harlang-1.jpg 370w\" sizes=\"auto, (max-width: 222px) 100vw, 222px\" \/><\/p>\r\n<p>[\/vc_column_text][\/vc_column][\/vc_row][vc_row gap=&#8221;30&#8243; text_color=&#8221;#f4f4f4&#8243; section_type=&#8221;alternate&#8221; type=&#8221;color&#8221; bg_color=&#8221;#0c4944&#8243; vertical_align=&#8221;yes&#8221; border=&#8221;left&#8221; visibility=&#8221;hidden-md,hidden-lg,hidden-xlg&#8221;][vc_column css_animation=&#8221;fadeIn&#8221; width=&#8221;1\/2&#8243;][vc_custom_heading text=&#8221;Frantz Harlang&#8221; font_container=&#8221;tag:h3|font_size:32|text_align:center&#8221; google_fonts=&#8221;font_family:Raleway%3A100%2C200%2C300%2Cregular%2C500%2C600%2C700%2C800%2C900|font_style:400%20regular%3A400%3Anormal&#8221;][vc_column_text font_size=&#8221;10px&#8221; animation=&#8221;animate-when-visible&#8221; css_animation=&#8221;el-fade&#8221; css=&#8221;.vc_custom_1677535136086{margin-left: 30px !important;padding-top: 15px !important;padding-right: 15px !important;padding-bottom: 15px !important;padding-left: 15px !important;border-radius: 1px !important;}&#8221;]<\/p>\r\n<p><img loading=\"lazy\" decoding=\"async\" class=\"wp-image-312 size-medium aligncenter\" src=\"https:\/\/harlangtoksvigfondet.dk\/wp-content\/uploads\/2022\/09\/Frantz_Harlang-1-222x300.jpg\" alt=\"\" width=\"222\" height=\"300\" srcset=\"https:\/\/harlangtoksvigfondet.dk\/wp-content\/uploads\/2022\/09\/Frantz_Harlang-1-222x300.jpg 222w, https:\/\/harlangtoksvigfondet.dk\/wp-content\/uploads\/2022\/09\/Frantz_Harlang-1.jpg 370w\" sizes=\"auto, (max-width: 222px) 100vw, 222px\" \/><\/p>\r\n<p>[\/vc_column_text][vc_separator color=&#8221;custom&#8221; el_width=&#8221;60&#8243; accent_color=&#8221;rgba(255,255,255,0.6)&#8221;][\/vc_column][vc_column width=&#8221;1\/2&#8243; css=&#8221;.vc_custom_1662238662268{padding-left: 30px !important;}&#8221;][vc_column_text]<\/p>\r\n<p><b>Frantz Vilhelm Theodor Harlang<\/b>, (31. august 1899 &#8211; 29. marts 1981) var en dansk reklamemand, erhvervsleder og filantrop, der f\u00f8rst og fremmest er kendt som medstifter af og direkt\u00f8r for reklamebureauet Harlang og Toksvig A\/S.<\/p>\r\n<p style=\"text-align: left;\">Harlang var f\u00f8dt i K\u00f8benhavn og blev uddannet som boghandler i perioden 1913-17.<\/p>\r\n<p>I 1920 blev han ansat som s\u00e6lger i reklamebureauet Sylvester Hvid.<br \/>I 1925 blev han forfremmet til kontorchef i firmaet og allerede f\u00e5 \u00e5r efter (1928) udn\u00e6vnt som underdirekt\u00f8r. Det var dog f\u00f8rst da Harlang i samarbejde med <a href=\"#ft\">Frithjof Toksvig<\/a> stiftede reklamebureuret Harlang og Toksvig A\/S i 1934, at han virkelig begyndte at s\u00e6tte sit pr\u00e6g p\u00e5 branchen.<\/p>\r\n<p>Bureauet udviklede sig eksponentielt og snart blev det et af Skandinaviens st\u00f8rste reklamebureauer med underafdelinger i \u00c5rhus, Stockholm og Oslo og med kunder som blandt andre\u00a0Tuborg,\u00a0Ford\u00a0og\u00a0DSB. Blandt Harlangs mest kendte reklameslogans er verdens l\u00e6ngstlevende Ud At Se Med\u00a0DSB\u00a0fra 1934.<\/p>\r\n<p>Harlang stiftede i 1950erne Harlang &amp; Toksvig Holding Company, Harlang &amp; Toksvig Fondet og Harlang &amp; Toksvig Bladforlag. Frantz Harlang sad i flere bestyrelser, herunder Annoncebureauernes Brancheforening, Danske Reklamebureauers Brancheforening, m.fl., hvor han havde megen indflydelse og spillede en afg\u00f8rende rolle.<\/p>\r\n<p>[\/vc_column_text][\/vc_column][\/vc_row][vc_row gap=&#8221;30&#8243; content_placement=&#8221;middle&#8221; el_id=&#8221;ft&#8221; text_align=&#8221;center&#8221; text_color=&#8221;#f4f4f4&#8243; type=&#8221;color&#8221; bg_color=&#8221;#416282&#8243;][vc_column][\/vc_column][vc_column width=&#8221;1\/2&#8243;][vc_custom_heading text=&#8221;Frithjof Toksvig&#8221; font_container=&#8221;tag:h3|font_size:32|text_align:center&#8221; google_fonts=&#8221;font_family:Raleway%3A100%2C200%2C300%2Cregular%2C500%2C600%2C700%2C800%2C900|font_style:400%20regular%3A400%3Anormal&#8221;][vc_column_text font_size=&#8221;10px&#8221; animation=&#8221;animate-when-visible&#8221; css_animation=&#8221;el-fade&#8221; css=&#8221;.vc_custom_1677535082384{margin-left: 30px !important;padding-top: 15px !important;padding-right: 15px !important;padding-bottom: 15px !important;padding-left: 15px !important;border-radius: 1px !important;}&#8221;]<\/p>\r\n<p><img loading=\"lazy\" decoding=\"async\" class=\"size-medium wp-image-311 aligncenter\" src=\"https:\/\/harlangtoksvigfondet.dk\/wp-content\/uploads\/2022\/09\/Fritjhof-222x300.jpg\" alt=\"\" width=\"222\" height=\"300\" srcset=\"https:\/\/harlangtoksvigfondet.dk\/wp-content\/uploads\/2022\/09\/Fritjhof-222x300.jpg 222w, https:\/\/harlangtoksvigfondet.dk\/wp-content\/uploads\/2022\/09\/Fritjhof.jpg 370w\" sizes=\"auto, (max-width: 222px) 100vw, 222px\" \/><\/p>\r\n<p>[\/vc_column_text][\/vc_column][vc_column width=&#8221;1\/2&#8243;][vc_separator color=&#8221;custom&#8221; el_width=&#8221;60&#8243; accent_color=&#8221;rgba(255,255,255,0.6)&#8221;][vc_column_text]<\/p>\r\n<p style=\"text-align: left;\">Harlang var f\u00f8dt i K\u00f8benhavn og blev uddannet som boghandler i perioden 1913-17.<\/p>\r\n<p style=\"text-align: left;\">I 1920 blev han ansat som s\u00e6lger i reklamebureauet Sylvester Hvid.<\/p>\r\n<p style=\"text-align: left;\">I 1925 blev han forfremmet til kontorchef i firmaet og allerede f\u00e5 \u00e5r efter (1928) udn\u00e6vnt som underdirekt\u00f8r. Det var dog f\u00f8rst da Harlang i samarbejde med Frithjof Toksvig stiftede reklamebureuret Harlang og Toksvig A\/S i 1934, at han virkelig begyndte at s\u00e6tte sit pr\u00e6g p\u00e5 branchen.<\/p>\r\n<p style=\"text-align: left;\">Bureauet udviklede sig eksponentielt og snart blev det et af Skandinaviens st\u00f8rste reklamebureauer med underafdelinger i \u00c5rhus, Stockholm og Oslo og med kunder som blandt andre\u00a0Tuborg,\u00a0Ford\u00a0og\u00a0DSB.<\/p>\r\n<p style=\"text-align: left;\">Blandt Harlangs mest kendte reklameslogans er verdens l\u00e6ngstlevende Ud At Se Med\u00a0DSB\u00a0fra 1934. Harlang stiftede i 1950erne Harlang &amp; Toksvig Holding Company, Harlang &amp; Toksvig Fondet og Harlang &amp; Toksvig Bladforlag.<\/p>\r\n<p style=\"text-align: left;\">Frantz Harlang sad i flere bestyrelser, herunder Annoncebureauernes Brancheforening, Danske Reklamebureauers Brancheforening, m.fl., hvor han havde megen indflydelse og spillede en afg\u00f8rende rolle.<\/p>\r\n<p>[\/vc_column_text][\/vc_column][\/vc_row][\/vc_section][vc_section][\/vc_section]<\/p>","protected":false},"excerpt":{"rendered":"<p>[vc_row][vc_column css_animation=&#8221;fadeIn&#8221;][vc_column_text animation=&#8221;animate-when-almost-visible&#8221; css_animation=&#8221;el-fade&#8221;] I den pulserende atmosf\u00e6re i 30&#8217;ernes K\u00f8benhavn voksede et vision\u00e6rt reklamebureau frem: Harlang &amp; Toksvig Reklamebureau A\/S etableret i 1934 af Frantz Harlang og Frithjof Toksvig. Deres vision og ekspertise inden for reklameverdenen blev grundlaget for et bureau, der skulle g\u00e5 langt og hj\u00e6lpe virksomheder, politiske partier med deres budskab. Dette blev til en r\u00e6kke kendte [&hellip;]<\/p>\n","protected":false},"author":1,"featured_media":0,"parent":0,"menu_order":0,"comment_status":"closed","ping_status":"closed","template":"","meta":{"footnotes":""},"class_list":["post-3","page","type-page","status-publish","hentry"],"yoast_head":"<!-- This site is optimized with the Yoast SEO plugin v22.1 - https:\/\/yoast.com\/wordpress\/plugins\/seo\/ -->\n<title>Om Fondet - Harlang &amp; Toksvig Fondet<\/title>\n<meta name=\"description\" content=\"Harlang &amp; Toksvig Fondet bevarer videref\u00f8relsen af reklamebureaurets visioner. Fondet deler legater ud til projekter med et godt budskab.\" \/>\n<meta name=\"robots\" content=\"index, follow, max-snippet:-1, max-image-preview:large, max-video-preview:-1\" \/>\n<link rel=\"canonical\" href=\"https:\/\/harlangtoksvigfondet.dk\/index.php\/om-fondet\/\" \/>\n<meta property=\"og:locale\" content=\"da_DK\" \/>\n<meta property=\"og:type\" content=\"article\" \/>\n<meta property=\"og:title\" content=\"Om Fondet - Harlang &amp; Toksvig Fondet\" \/>\n<meta property=\"og:description\" content=\"Harlang &amp; Toksvig Fondet bevarer videref\u00f8relsen af reklamebureaurets visioner. Fondet deler legater ud til projekter med et godt budskab.\" \/>\n<meta property=\"og:url\" content=\"https:\/\/harlangtoksvigfondet.dk\/index.php\/om-fondet\/\" \/>\n<meta property=\"og:site_name\" content=\"Harlang &amp; Toksvig Fondet\" \/>\n<meta property=\"article:modified_time\" content=\"2024-02-21T16:00:16+00:00\" \/>\n<meta property=\"og:image\" content=\"https:\/\/harlangtoksvigfondet.dk\/wp-content\/uploads\/2022\/09\/Frantz_Harlang-1-222x300.jpg\" \/>\n<meta name=\"twitter:card\" content=\"summary_large_image\" \/>\n<meta name=\"twitter:label1\" content=\"Estimeret l\u00e6setid\" \/>\n\t<meta name=\"twitter:data1\" content=\"8 minutter\" \/>\n<script type=\"application\/ld+json\" class=\"yoast-schema-graph\">{\"@context\":\"https:\/\/schema.org\",\"@graph\":[{\"@type\":\"WebPage\",\"@id\":\"https:\/\/harlangtoksvigfondet.dk\/index.php\/om-fondet\/\",\"url\":\"https:\/\/harlangtoksvigfondet.dk\/index.php\/om-fondet\/\",\"name\":\"Om Fondet - Harlang &amp; Toksvig Fondet\",\"isPartOf\":{\"@id\":\"https:\/\/harlangtoksvigfondet.dk\/#website\"},\"datePublished\":\"2022-08-31T21:26:44+00:00\",\"dateModified\":\"2024-02-21T16:00:16+00:00\",\"description\":\"Harlang & Toksvig Fondet bevarer videref\u00f8relsen af reklamebureaurets visioner. Fondet deler legater ud til projekter med et godt budskab.\",\"breadcrumb\":{\"@id\":\"https:\/\/harlangtoksvigfondet.dk\/index.php\/om-fondet\/#breadcrumb\"},\"inLanguage\":\"da-DK\",\"potentialAction\":[{\"@type\":\"ReadAction\",\"target\":[\"https:\/\/harlangtoksvigfondet.dk\/index.php\/om-fondet\/\"]}]},{\"@type\":\"BreadcrumbList\",\"@id\":\"https:\/\/harlangtoksvigfondet.dk\/index.php\/om-fondet\/#breadcrumb\",\"itemListElement\":[{\"@type\":\"ListItem\",\"position\":1,\"name\":\"Home\",\"item\":\"https:\/\/harlangtoksvigfondet.dk\/\"},{\"@type\":\"ListItem\",\"position\":2,\"name\":\"Om Fondet\"}]},{\"@type\":\"WebSite\",\"@id\":\"https:\/\/harlangtoksvigfondet.dk\/#website\",\"url\":\"https:\/\/harlangtoksvigfondet.dk\/\",\"name\":\"Harlang & Toksvig Fondet\",\"description\":\"Harlang &amp; Toksvig Fondet\",\"publisher\":{\"@id\":\"https:\/\/harlangtoksvigfondet.dk\/#organization\"},\"potentialAction\":[{\"@type\":\"SearchAction\",\"target\":{\"@type\":\"EntryPoint\",\"urlTemplate\":\"https:\/\/harlangtoksvigfondet.dk\/?s={search_term_string}\"},\"query-input\":\"required name=search_term_string\"}],\"inLanguage\":\"da-DK\"},{\"@type\":\"Organization\",\"@id\":\"https:\/\/harlangtoksvigfondet.dk\/#organization\",\"name\":\"Harlang & Toksvig Fondet\",\"url\":\"https:\/\/harlangtoksvigfondet.dk\/\",\"logo\":{\"@type\":\"ImageObject\",\"inLanguage\":\"da-DK\",\"@id\":\"https:\/\/harlangtoksvigfondet.dk\/#\/schema\/logo\/image\/\",\"url\":\"https:\/\/harlangtoksvigfondet.dk\/wp-content\/uploads\/2022\/08\/cropped-harlangtoksvig.png\",\"contentUrl\":\"https:\/\/harlangtoksvigfondet.dk\/wp-content\/uploads\/2022\/08\/cropped-harlangtoksvig.png\",\"width\":512,\"height\":512,\"caption\":\"Harlang & Toksvig Fondet\"},\"image\":{\"@id\":\"https:\/\/harlangtoksvigfondet.dk\/#\/schema\/logo\/image\/\"}}]}<\/script>\n<!-- \/ Yoast SEO plugin. -->","yoast_head_json":{"title":"Om Fondet - Harlang &amp; Toksvig Fondet","description":"Harlang & Toksvig Fondet bevarer videref\u00f8relsen af reklamebureaurets visioner. Fondet deler legater ud til projekter med et godt budskab.","robots":{"index":"index","follow":"follow","max-snippet":"max-snippet:-1","max-image-preview":"max-image-preview:large","max-video-preview":"max-video-preview:-1"},"canonical":"https:\/\/harlangtoksvigfondet.dk\/index.php\/om-fondet\/","og_locale":"da_DK","og_type":"article","og_title":"Om Fondet - Harlang &amp; Toksvig Fondet","og_description":"Harlang & Toksvig Fondet bevarer videref\u00f8relsen af reklamebureaurets visioner. Fondet deler legater ud til projekter med et godt budskab.","og_url":"https:\/\/harlangtoksvigfondet.dk\/index.php\/om-fondet\/","og_site_name":"Harlang &amp; Toksvig Fondet","article_modified_time":"2024-02-21T16:00:16+00:00","og_image":[{"url":"https:\/\/harlangtoksvigfondet.dk\/wp-content\/uploads\/2022\/09\/Frantz_Harlang-1-222x300.jpg"}],"twitter_card":"summary_large_image","twitter_misc":{"Estimeret l\u00e6setid":"8 minutter"},"schema":{"@context":"https:\/\/schema.org","@graph":[{"@type":"WebPage","@id":"https:\/\/harlangtoksvigfondet.dk\/index.php\/om-fondet\/","url":"https:\/\/harlangtoksvigfondet.dk\/index.php\/om-fondet\/","name":"Om Fondet - Harlang &amp; Toksvig Fondet","isPartOf":{"@id":"https:\/\/harlangtoksvigfondet.dk\/#website"},"datePublished":"2022-08-31T21:26:44+00:00","dateModified":"2024-02-21T16:00:16+00:00","description":"Harlang & Toksvig Fondet bevarer videref\u00f8relsen af reklamebureaurets visioner. Fondet deler legater ud til projekter med et godt budskab.","breadcrumb":{"@id":"https:\/\/harlangtoksvigfondet.dk\/index.php\/om-fondet\/#breadcrumb"},"inLanguage":"da-DK","potentialAction":[{"@type":"ReadAction","target":["https:\/\/harlangtoksvigfondet.dk\/index.php\/om-fondet\/"]}]},{"@type":"BreadcrumbList","@id":"https:\/\/harlangtoksvigfondet.dk\/index.php\/om-fondet\/#breadcrumb","itemListElement":[{"@type":"ListItem","position":1,"name":"Home","item":"https:\/\/harlangtoksvigfondet.dk\/"},{"@type":"ListItem","position":2,"name":"Om Fondet"}]},{"@type":"WebSite","@id":"https:\/\/harlangtoksvigfondet.dk\/#website","url":"https:\/\/harlangtoksvigfondet.dk\/","name":"Harlang & Toksvig Fondet","description":"Harlang &amp; Toksvig Fondet","publisher":{"@id":"https:\/\/harlangtoksvigfondet.dk\/#organization"},"potentialAction":[{"@type":"SearchAction","target":{"@type":"EntryPoint","urlTemplate":"https:\/\/harlangtoksvigfondet.dk\/?s={search_term_string}"},"query-input":"required name=search_term_string"}],"inLanguage":"da-DK"},{"@type":"Organization","@id":"https:\/\/harlangtoksvigfondet.dk\/#organization","name":"Harlang & Toksvig Fondet","url":"https:\/\/harlangtoksvigfondet.dk\/","logo":{"@type":"ImageObject","inLanguage":"da-DK","@id":"https:\/\/harlangtoksvigfondet.dk\/#\/schema\/logo\/image\/","url":"https:\/\/harlangtoksvigfondet.dk\/wp-content\/uploads\/2022\/08\/cropped-harlangtoksvig.png","contentUrl":"https:\/\/harlangtoksvigfondet.dk\/wp-content\/uploads\/2022\/08\/cropped-harlangtoksvig.png","width":512,"height":512,"caption":"Harlang & Toksvig Fondet"},"image":{"@id":"https:\/\/harlangtoksvigfondet.dk\/#\/schema\/logo\/image\/"}}]}},"_links":{"self":[{"href":"https:\/\/harlangtoksvigfondet.dk\/index.php\/wp-json\/wp\/v2\/pages\/3","targetHints":{"allow":["GET"]}}],"collection":[{"href":"https:\/\/harlangtoksvigfondet.dk\/index.php\/wp-json\/wp\/v2\/pages"}],"about":[{"href":"https:\/\/harlangtoksvigfondet.dk\/index.php\/wp-json\/wp\/v2\/types\/page"}],"author":[{"embeddable":true,"href":"https:\/\/harlangtoksvigfondet.dk\/index.php\/wp-json\/wp\/v2\/users\/1"}],"replies":[{"embeddable":true,"href":"https:\/\/harlangtoksvigfondet.dk\/index.php\/wp-json\/wp\/v2\/comments?post=3"}],"version-history":[{"count":167,"href":"https:\/\/harlangtoksvigfondet.dk\/index.php\/wp-json\/wp\/v2\/pages\/3\/revisions"}],"predecessor-version":[{"id":649,"href":"https:\/\/harlangtoksvigfondet.dk\/index.php\/wp-json\/wp\/v2\/pages\/3\/revisions\/649"}],"wp:attachment":[{"href":"https:\/\/harlangtoksvigfondet.dk\/index.php\/wp-json\/wp\/v2\/media?parent=3"}],"curies":[{"name":"wp","href":"https:\/\/api.w.org\/{rel}","templated":true}]}}