{"id":91,"date":"2022-09-03T20:29:01","date_gmt":"2022-09-03T20:29:01","guid":{"rendered":"https:\/\/dubmanager.io\/websites\/harlangtoksvigfondet\/?page_id=91"},"modified":"2024-06-14T19:04:00","modified_gmt":"2024-06-14T17:04:00","slug":"ansognings-proces","status":"publish","type":"page","link":"https:\/\/harlangtoksvigfondet.dk\/index.php\/ansognings-proces\/","title":{"rendered":"Ans\u00f8gningsproces"},"content":{"rendered":"<p>[vc_row][vc_column width=&#8221;1\/3&#8243;][vc_single_image image=&#8221;478&#8243; img_size=&#8221;200&#215;200&#8243; alignment=&#8221;center&#8221; style=&#8221;vc_box_rounded&#8221;][vc_column_text]<strong>1) Ans\u00f8gning registreres<\/strong><\/p>\n<p>N\u00e5r du har udfyldt det digitale <a href=\"https:\/\/harlangtoksvigfondet.dk\/index.php\/ansogning\/\">ans\u00f8gningsskema<\/a> bliver din ans\u00f8gning og alle relevante oplysninger registeret. S\u00f8rg for at oplysninger er korrekte inden du godkender den.[\/vc_column_text][\/vc_column][vc_column width=&#8221;1\/3&#8243;][vc_single_image image=&#8221;479&#8243; img_size=&#8221;200&#215;200&#8243; alignment=&#8221;center&#8221; style=&#8221;vc_box_rounded&#8221;][vc_column_text]<strong>1) Ans\u00f8gning behandles<\/strong><\/p>\n<p>Din ans\u00f8gning vil blive behandlet og gennemg\u00e5et af bestyrelsen.[\/vc_column_text][\/vc_column][vc_column width=&#8221;1\/3&#8243;][vc_single_image image=&#8221;483&#8243; img_size=&#8221;200&#215;200&#8243; alignment=&#8221;center&#8221; style=&#8221;vc_box_rounded&#8221;][vc_column_text]<strong>3) Du modtager svar<\/strong><\/p>\n<p>Der tager typisk 3-4 m\u00e5neder, f\u00f8r du kan forvente din ans\u00f8gning f\u00e6rdigbehandlet. Alt afh\u00e6ngig hvorn\u00e5r p\u00e5 \u00e5ret du ans\u00f8ger. Du modtager en mail, n\u00e5r der er svar fra Fondet. Det er desv\u00e6rre ikke muligt at f\u00e5 oplyst begrundelse for et eventuelt afslag.[\/vc_column_text][\/vc_column][\/vc_row][vc_row el_id=&#8221;faq&#8221;][vc_column][vc_message color=&#8221;info&#8221; icon_type=&#8221;fontawesome&#8221;]Det kan varmt anbefales at l\u00e6se <a href=\"https:\/\/www.legatbogen.dk\/saadan-soeger-du\/den-gode-motiverede-ansogning\">denne guide<\/a> inden du skriver din ans\u00f8gning[\/vc_message][vc_column_text el_id=&#8221;far&#8221;]<\/p>\n<h2>Betingelser for legatans\u00f8gning<\/h2>\n<p>[\/vc_column_text][vc_accordion][vc_accordion_tab title=&#8221;Hvem kan s\u00f8ge legatet?&#8221; icon=&#8221;0&#8243; icon_closed=&#8221;0&#8243;][vc_column_text]Alle, der har et projekt eller en kampagne med et godt budskab af filantropisk karakter og uden kommercielle form\u00e5l, kan s\u00f8ge legatet hos Harlang &amp; Toksvig Fondet. Dette kan omfatte enkeltpersoner, organisationer, virksomheder eller andre enheder, der har et projekt, der opfylder fondets kriterier. Det er vigtigt at bem\u00e6rke, at fondet prim\u00e6rt prioriterer mindre projekter inden for kommunikation og formidling, gerne med et socialt sigte.[\/vc_column_text][\/vc_accordion_tab][vc_accordion_tab title=&#8221;Hvad bliver der lagt v\u00e6gt p\u00e5 i min ans\u00f8gning?&#8221; icon=&#8221;0&#8243; icon_closed=&#8221;0&#8243;][vc_column_text]Ans\u00f8gninger til Harlang &amp; Toksvig Fondet b\u00f8r v\u00e6re innovative og originale med et klart fokus p\u00e5 at formidle et vigtigt budskab p\u00e5 en engagerende m\u00e5de, i tr\u00e5d med bureauets udgangspunkt i reklamebranchen. Projekter skal have en tydelig filantropisk karakter og sigte mod at gavne samfundet <span style=\"text-decoration: underline;\">uden kommercielle form\u00e5l<\/span>. Fondet har tidligere st\u00f8ttet en r\u00e6kke projekter med fokus p\u00e5 at fremme samfundsengagement og adressere sociale udfordringer. Disse projekter har v\u00e6ret forskellige, men de deler alle en ambition om at skabe positiv forandring i samfundet p\u00e5 tv\u00e6rs af klasseskel og generationer. Gennem st\u00f8tte til initiativer, der inddrager unge i samfundsdebatten, unders\u00f8ger sociale uligheder eller st\u00f8tter socialt udsatte grupper, har fondet arbejdet for at opfylde sit form\u00e5l om at fremme gode budskaber og filantropiske form\u00e5l. Fondet prioriterer projekter med et socialt sigte, der adresserer samfundsproblemer eller fremmer social retf\u00e6rdighed. Det er essentielt, at ans\u00f8gningen kommunikerer projektets budskab klart og beskriver, hvordan det vil blive udf\u00f8rt og distribueret. Det er ogs\u00e5 vigtigt at demonstrere projektets gennemf\u00f8rlighed og realisme inden for de angivne ressourcer og tidsrammer. Tidligere erfaring eller succes med lignende projekter kan styrke ans\u00f8gningen. Endvidere er det afg\u00f8rende at have en klar plan for anvendelse af legatmidler og forventningerne til projektets gennemf\u00f8relse og budskabets udbredelse.[\/vc_column_text][\/vc_accordion_tab][vc_accordion_tab title=&#8221;Hvorn\u00e5r f\u00e5r jeg svar?&#8221; icon=&#8221;0&#8243; icon_closed=&#8221;0&#8243;][vc_column_text]Svartiden for ans\u00f8gninger til Harlang &amp; Toksvig Fondet kan variere afh\u00e6ngigt af forskellige faktorer s\u00e5som antallet af indkomne ans\u00f8gninger, bestyrelsens m\u00f8deplan og andre administrative hensyn. Generelt kan det tage op til 3-4 m\u00e5neder at f\u00e5 svar p\u00e5 din ans\u00f8gning. Det er dog vigtigt at huske, at svartiden kan variere afh\u00e6ngigt af hvorn\u00e5r p\u00e5 \u00e5ret du ans\u00f8ger og andre faktorer, og derfor vil du modtage en mail, n\u00e5r der er svar fra Fondet. Desv\u00e6rre er det ikke muligt at f\u00e5 oplyst en begrundelse for et eventuelt afslag p\u00e5 din ans\u00f8gning.[\/vc_column_text][\/vc_accordion_tab][vc_accordion_tab title=&#8221;Hvor meget kan s\u00f8ge om?&#8221; icon=&#8221;0&#8243; icon_closed=&#8221;0&#8243;][vc_column_text]Ans\u00f8gere til Harlang &amp; Toksvig Fondet kan typisk s\u00f8ge om et bel\u00f8b mellem 25.000 og 50.000 kroner til deres projekt. Dog kan det endelige tildelte bel\u00f8b afh\u00e6nge af de n\u00f8dvendige midler for at s\u00f8s\u00e6tte projektet, samt fondets vurdering af projektets behov og muligheder. Det er vigtigt at angive det n\u00f8dvendige bel\u00f8b i ans\u00f8gningen, og en opstilling af hvad st\u00f8ttemidlerne skal bruge stil. Fondet vil derefter vurdere ans\u00f8gningen i forhold til de tilg\u00e6ngelige ressourcer og projektets form\u00e5l.[\/vc_column_text][\/vc_accordion_tab][\/vc_accordion][\/vc_column][\/vc_row][vc_row][vc_column][vc_btn title=&#8221;Forts\u00e6t til ans\u00f8gning&#8221; align=&#8221;center&#8221; i_icon_fontawesome=&#8221;fas fa-file-signature&#8221; add_icon=&#8221;true&#8221; link=&#8221;url:%2Findex.php%2Fansogning%2F|title:Ans%C3%B8gning&#8221;][\/vc_column][\/vc_row]<\/p>\n","protected":false},"excerpt":{"rendered":"<p>[vc_row][vc_column width=&#8221;1\/3&#8243;][vc_single_image image=&#8221;478&#8243; img_size=&#8221;200&#215;200&#8243; alignment=&#8221;center&#8221; style=&#8221;vc_box_rounded&#8221;][vc_column_text]1) Ans\u00f8gning registreres N\u00e5r du har udfyldt det digitale ans\u00f8gningsskema bliver din ans\u00f8gning og alle relevante oplysninger registeret. S\u00f8rg for at oplysninger er korrekte inden du godkender den.[\/vc_column_text][\/vc_column][vc_column width=&#8221;1\/3&#8243;][vc_single_image image=&#8221;479&#8243; img_size=&#8221;200&#215;200&#8243; alignment=&#8221;center&#8221; style=&#8221;vc_box_rounded&#8221;][vc_column_text]1) Ans\u00f8gning behandles Din ans\u00f8gning vil blive behandlet og gennemg\u00e5et af bestyrelsen.[\/vc_column_text][\/vc_column][vc_column width=&#8221;1\/3&#8243;][vc_single_image image=&#8221;483&#8243; img_size=&#8221;200&#215;200&#8243; alignment=&#8221;center&#8221; style=&#8221;vc_box_rounded&#8221;][vc_column_text]3) Du modtager svar Der tager typisk [&hellip;]<\/p>\n","protected":false},"author":1,"featured_media":0,"parent":0,"menu_order":0,"comment_status":"closed","ping_status":"closed","template":"","meta":{"footnotes":""},"class_list":["post-91","page","type-page","status-publish","hentry"],"yoast_head":"<!-- This site is optimized with the Yoast SEO plugin v22.1 - https:\/\/yoast.com\/wordpress\/plugins\/seo\/ -->\n<title>Ans\u00f8gningsproces - Harlang &amp; Toksvig Fondet<\/title>\n<meta name=\"robots\" content=\"index, follow, max-snippet:-1, max-image-preview:large, max-video-preview:-1\" \/>\n<link rel=\"canonical\" href=\"https:\/\/harlangtoksvigfondet.dk\/index.php\/ansognings-proces\/\" \/>\n<meta property=\"og:locale\" content=\"da_DK\" \/>\n<meta property=\"og:type\" content=\"article\" \/>\n<meta property=\"og:title\" content=\"Ans\u00f8gningsproces - Harlang &amp; Toksvig Fondet\" \/>\n<meta property=\"og:description\" content=\"[vc_row][vc_column width=&#8221;1\/3&#8243;][vc_single_image image=&#8221;478&#8243; img_size=&#8221;200&#215;200&#8243; alignment=&#8221;center&#8221; style=&#8221;vc_box_rounded&#8221;][vc_column_text]1) Ans\u00f8gning registreres N\u00e5r du har udfyldt det digitale ans\u00f8gningsskema bliver din ans\u00f8gning og alle relevante oplysninger registeret. S\u00f8rg for at oplysninger er korrekte inden du godkender den.[\/vc_column_text][\/vc_column][vc_column width=&#8221;1\/3&#8243;][vc_single_image image=&#8221;479&#8243; img_size=&#8221;200&#215;200&#8243; alignment=&#8221;center&#8221; style=&#8221;vc_box_rounded&#8221;][vc_column_text]1) Ans\u00f8gning behandles Din ans\u00f8gning vil blive behandlet og gennemg\u00e5et af bestyrelsen.[\/vc_column_text][\/vc_column][vc_column width=&#8221;1\/3&#8243;][vc_single_image image=&#8221;483&#8243; img_size=&#8221;200&#215;200&#8243; alignment=&#8221;center&#8221; style=&#8221;vc_box_rounded&#8221;][vc_column_text]3) Du modtager svar Der tager typisk [&hellip;]\" \/>\n<meta property=\"og:url\" content=\"https:\/\/harlangtoksvigfondet.dk\/index.php\/ansognings-proces\/\" \/>\n<meta property=\"og:site_name\" content=\"Harlang &amp; Toksvig Fondet\" \/>\n<meta property=\"article:modified_time\" content=\"2024-06-14T17:04:00+00:00\" \/>\n<meta name=\"twitter:card\" content=\"summary_large_image\" \/>\n<meta name=\"twitter:label1\" content=\"Estimeret l\u00e6setid\" \/>\n\t<meta name=\"twitter:data1\" content=\"4 minutter\" \/>\n<script type=\"application\/ld+json\" class=\"yoast-schema-graph\">{\"@context\":\"https:\/\/schema.org\",\"@graph\":[{\"@type\":\"WebPage\",\"@id\":\"https:\/\/harlangtoksvigfondet.dk\/index.php\/ansognings-proces\/\",\"url\":\"https:\/\/harlangtoksvigfondet.dk\/index.php\/ansognings-proces\/\",\"name\":\"Ans\u00f8gningsproces - Harlang &amp; Toksvig Fondet\",\"isPartOf\":{\"@id\":\"https:\/\/harlangtoksvigfondet.dk\/#website\"},\"datePublished\":\"2022-09-03T20:29:01+00:00\",\"dateModified\":\"2024-06-14T17:04:00+00:00\",\"breadcrumb\":{\"@id\":\"https:\/\/harlangtoksvigfondet.dk\/index.php\/ansognings-proces\/#breadcrumb\"},\"inLanguage\":\"da-DK\",\"potentialAction\":[{\"@type\":\"ReadAction\",\"target\":[\"https:\/\/harlangtoksvigfondet.dk\/index.php\/ansognings-proces\/\"]}]},{\"@type\":\"BreadcrumbList\",\"@id\":\"https:\/\/harlangtoksvigfondet.dk\/index.php\/ansognings-proces\/#breadcrumb\",\"itemListElement\":[{\"@type\":\"ListItem\",\"position\":1,\"name\":\"Home\",\"item\":\"https:\/\/harlangtoksvigfondet.dk\/\"},{\"@type\":\"ListItem\",\"position\":2,\"name\":\"Ans\u00f8gningsproces\"}]},{\"@type\":\"WebSite\",\"@id\":\"https:\/\/harlangtoksvigfondet.dk\/#website\",\"url\":\"https:\/\/harlangtoksvigfondet.dk\/\",\"name\":\"Harlang & Toksvig Fondet\",\"description\":\"Harlang &amp; Toksvig Fondet\",\"publisher\":{\"@id\":\"https:\/\/harlangtoksvigfondet.dk\/#organization\"},\"potentialAction\":[{\"@type\":\"SearchAction\",\"target\":{\"@type\":\"EntryPoint\",\"urlTemplate\":\"https:\/\/harlangtoksvigfondet.dk\/?s={search_term_string}\"},\"query-input\":\"required name=search_term_string\"}],\"inLanguage\":\"da-DK\"},{\"@type\":\"Organization\",\"@id\":\"https:\/\/harlangtoksvigfondet.dk\/#organization\",\"name\":\"Harlang & Toksvig Fondet\",\"url\":\"https:\/\/harlangtoksvigfondet.dk\/\",\"logo\":{\"@type\":\"ImageObject\",\"inLanguage\":\"da-DK\",\"@id\":\"https:\/\/harlangtoksvigfondet.dk\/#\/schema\/logo\/image\/\",\"url\":\"https:\/\/harlangtoksvigfondet.dk\/wp-content\/uploads\/2022\/08\/cropped-harlangtoksvig.png\",\"contentUrl\":\"https:\/\/harlangtoksvigfondet.dk\/wp-content\/uploads\/2022\/08\/cropped-harlangtoksvig.png\",\"width\":512,\"height\":512,\"caption\":\"Harlang & Toksvig Fondet\"},\"image\":{\"@id\":\"https:\/\/harlangtoksvigfondet.dk\/#\/schema\/logo\/image\/\"}}]}<\/script>\n<!-- \/ Yoast SEO plugin. -->","yoast_head_json":{"title":"Ans\u00f8gningsproces - Harlang &amp; Toksvig Fondet","robots":{"index":"index","follow":"follow","max-snippet":"max-snippet:-1","max-image-preview":"max-image-preview:large","max-video-preview":"max-video-preview:-1"},"canonical":"https:\/\/harlangtoksvigfondet.dk\/index.php\/ansognings-proces\/","og_locale":"da_DK","og_type":"article","og_title":"Ans\u00f8gningsproces - Harlang &amp; Toksvig Fondet","og_description":"[vc_row][vc_column width=&#8221;1\/3&#8243;][vc_single_image image=&#8221;478&#8243; img_size=&#8221;200&#215;200&#8243; alignment=&#8221;center&#8221; style=&#8221;vc_box_rounded&#8221;][vc_column_text]1) Ans\u00f8gning registreres N\u00e5r du har udfyldt det digitale ans\u00f8gningsskema bliver din ans\u00f8gning og alle relevante oplysninger registeret. S\u00f8rg for at oplysninger er korrekte inden du godkender den.[\/vc_column_text][\/vc_column][vc_column width=&#8221;1\/3&#8243;][vc_single_image image=&#8221;479&#8243; img_size=&#8221;200&#215;200&#8243; alignment=&#8221;center&#8221; style=&#8221;vc_box_rounded&#8221;][vc_column_text]1) Ans\u00f8gning behandles Din ans\u00f8gning vil blive behandlet og gennemg\u00e5et af bestyrelsen.[\/vc_column_text][\/vc_column][vc_column width=&#8221;1\/3&#8243;][vc_single_image image=&#8221;483&#8243; img_size=&#8221;200&#215;200&#8243; alignment=&#8221;center&#8221; style=&#8221;vc_box_rounded&#8221;][vc_column_text]3) Du modtager svar Der tager typisk [&hellip;]","og_url":"https:\/\/harlangtoksvigfondet.dk\/index.php\/ansognings-proces\/","og_site_name":"Harlang &amp; Toksvig Fondet","article_modified_time":"2024-06-14T17:04:00+00:00","twitter_card":"summary_large_image","twitter_misc":{"Estimeret l\u00e6setid":"4 minutter"},"schema":{"@context":"https:\/\/schema.org","@graph":[{"@type":"WebPage","@id":"https:\/\/harlangtoksvigfondet.dk\/index.php\/ansognings-proces\/","url":"https:\/\/harlangtoksvigfondet.dk\/index.php\/ansognings-proces\/","name":"Ans\u00f8gningsproces - Harlang &amp; Toksvig Fondet","isPartOf":{"@id":"https:\/\/harlangtoksvigfondet.dk\/#website"},"datePublished":"2022-09-03T20:29:01+00:00","dateModified":"2024-06-14T17:04:00+00:00","breadcrumb":{"@id":"https:\/\/harlangtoksvigfondet.dk\/index.php\/ansognings-proces\/#breadcrumb"},"inLanguage":"da-DK","potentialAction":[{"@type":"ReadAction","target":["https:\/\/harlangtoksvigfondet.dk\/index.php\/ansognings-proces\/"]}]},{"@type":"BreadcrumbList","@id":"https:\/\/harlangtoksvigfondet.dk\/index.php\/ansognings-proces\/#breadcrumb","itemListElement":[{"@type":"ListItem","position":1,"name":"Home","item":"https:\/\/harlangtoksvigfondet.dk\/"},{"@type":"ListItem","position":2,"name":"Ans\u00f8gningsproces"}]},{"@type":"WebSite","@id":"https:\/\/harlangtoksvigfondet.dk\/#website","url":"https:\/\/harlangtoksvigfondet.dk\/","name":"Harlang & Toksvig Fondet","description":"Harlang &amp; Toksvig Fondet","publisher":{"@id":"https:\/\/harlangtoksvigfondet.dk\/#organization"},"potentialAction":[{"@type":"SearchAction","target":{"@type":"EntryPoint","urlTemplate":"https:\/\/harlangtoksvigfondet.dk\/?s={search_term_string}"},"query-input":"required name=search_term_string"}],"inLanguage":"da-DK"},{"@type":"Organization","@id":"https:\/\/harlangtoksvigfondet.dk\/#organization","name":"Harlang & Toksvig Fondet","url":"https:\/\/harlangtoksvigfondet.dk\/","logo":{"@type":"ImageObject","inLanguage":"da-DK","@id":"https:\/\/harlangtoksvigfondet.dk\/#\/schema\/logo\/image\/","url":"https:\/\/harlangtoksvigfondet.dk\/wp-content\/uploads\/2022\/08\/cropped-harlangtoksvig.png","contentUrl":"https:\/\/harlangtoksvigfondet.dk\/wp-content\/uploads\/2022\/08\/cropped-harlangtoksvig.png","width":512,"height":512,"caption":"Harlang & Toksvig Fondet"},"image":{"@id":"https:\/\/harlangtoksvigfondet.dk\/#\/schema\/logo\/image\/"}}]}},"_links":{"self":[{"href":"https:\/\/harlangtoksvigfondet.dk\/index.php\/wp-json\/wp\/v2\/pages\/91","targetHints":{"allow":["GET"]}}],"collection":[{"href":"https:\/\/harlangtoksvigfondet.dk\/index.php\/wp-json\/wp\/v2\/pages"}],"about":[{"href":"https:\/\/harlangtoksvigfondet.dk\/index.php\/wp-json\/wp\/v2\/types\/page"}],"author":[{"embeddable":true,"href":"https:\/\/harlangtoksvigfondet.dk\/index.php\/wp-json\/wp\/v2\/users\/1"}],"replies":[{"embeddable":true,"href":"https:\/\/harlangtoksvigfondet.dk\/index.php\/wp-json\/wp\/v2\/comments?post=91"}],"version-history":[{"count":41,"href":"https:\/\/harlangtoksvigfondet.dk\/index.php\/wp-json\/wp\/v2\/pages\/91\/revisions"}],"predecessor-version":[{"id":667,"href":"https:\/\/harlangtoksvigfondet.dk\/index.php\/wp-json\/wp\/v2\/pages\/91\/revisions\/667"}],"wp:attachment":[{"href":"https:\/\/harlangtoksvigfondet.dk\/index.php\/wp-json\/wp\/v2\/media?parent=91"}],"curies":[{"name":"wp","href":"https:\/\/api.w.org\/{rel}","templated":true}]}}